{"id":2090,"date":"2024-03-04T14:18:59","date_gmt":"2024-03-04T12:18:59","guid":{"rendered":"https:\/\/digi4wearables.eu\/?page_id=2090"},"modified":"2025-05-22T15:17:13","modified_gmt":"2025-05-22T13:17:13","slug":"results","status":"publish","type":"page","link":"https:\/\/digi4wearables.eu\/sq\/results\/","title":{"rendered":"Rezultatet"},"content":{"rendered":"<div data-elementor-type=\"wp-page\" data-elementor-id=\"2090\" class=\"elementor elementor-2090\" data-elementor-post-type=\"page\">\n\t\t\t\t<div class=\"elementor-element elementor-element-41b9325 e-flex e-con-boxed e-con e-parent\" data-id=\"41b9325\" data-element_type=\"container\" data-e-type=\"container\">\n\t\t\t\t\t<div class=\"e-con-inner\">\n\t\t<div class=\"elementor-element elementor-element-f5e7a8c e-flex e-con-boxed e-con e-child\" data-id=\"f5e7a8c\" data-element_type=\"container\" data-e-type=\"container\">\n\t\t\t\t\t<div class=\"e-con-inner\">\n\t\t\t\t<div class=\"elementor-element elementor-element-a691730 elementor-widget elementor-widget-whitehall_about_services\" data-id=\"a691730\" data-element_type=\"widget\" data-e-type=\"widget\" data-widget_type=\"whitehall_about_services.default\">\n\t\t\t\t<div class=\"elementor-widget-container\">\n\t\t\t\t\t        \n        <!-- about-style-four -->\n        <section class=\"about-style-four sec-pad\">\n            <div class=\"auto-container\">\n                <div class=\"row clearfix\">\n                    <div class=\"col-lg-6 col-md-12 col-sm-12 content-column\">\n                        <div class=\"content_block_6\">\n                            <div class=\"content-box\">\n                                <div class=\"sec-title\">\n\t\t\t\t\t\t\t\t\t\t\t\t\t\t\t\t\t\t<h6><i class=\"flaticon-star\"><\/i><span>Rreth<\/span><\/h6>\n\t\t\t\t\t\t\t\t\t\t\t\t\t\t\t\t\t\t\n                                    \t\t\t\t\t\t\t\t\t<h2>Rezultatet<\/h2>\n                                    <div class=\"title-shape\"><\/div>\n\t\t\t\t\t\t\t\t\t                                <\/div>\n                                <div class=\"text\">\n                                    <p>Projekti parashikon zhvillimin e 2 grupeve t\u00eb rezultateve, t\u00eb disponueshme n\u00eb anglisht dhe shqip, duke mbuluar t\u00ebr\u00ebsisht nevojat e identifikuara m\u00eb sip\u00ebr dhe duke b\u00ebr\u00eb t\u00eb mundur arritjen e objektivave kryesore. T\u00eb dy grupet e rezultateve jan\u00eb t\u00eb nd\u00ebrlidhura dhe lidhen drejtp\u00ebrdrejt me objektivat e projektit.\n<\/br><\/br>\n<b>Paketa Edukative Digi4Wearables<\/b>\n<\/br><\/br>\n\u2027 Faqe webi me material online t\u00eb strukturuar n\u00eb seksione tematike. <\/br>\n\u2027 Video dhe raporte me udh\u00ebzime, material informues dhe praktika m\u00eb t\u00eb mira  <\/br>\n\u2027 Trajnim virtual dhe fizik q\u00eb merr parasysh praktikat e prodhimit.  <\/br>\n\u2027 Materiale kursi t\u00eb ndara n\u00eb seminare sipas temave tematike \n<\/br><\/br>\n<b>Pun\u00ebtori dhe Seminare:<\/b> <\/br><\/br>\n\u2027 Veprimtari trajnimi virtual dhe pun\u00ebtori\/seminare trajnimi fizik q\u00eb do t\u00eb zhvillohen n\u00eb Portugali, Shqip\u00ebri dhe Rumani do t\u00eb bashkojn\u00eb dizajner\u00eb, zhvillues produktesh dhe menaxher\u00eb, teknik\u00eb, trajner\u00eb dhe pal\u00eb t\u00eb tjera t\u00eb interesuara.  <\/br>\n\u2027 Komunitet praktike p\u00ebr trajner\u00eb dhe trajnuar: p\u00ebrfshirja n\u00eb ekipe pune e student\u00ebve, mentor\u00ebve nga kompani, studiuesve dhe stafit akademik <\/br>\n\u2027 2 ngjarje \"Trajno trajner\u00ebt\" n\u00eb Portugali dhe Rumani (me 8 pjes\u00ebmarr\u00ebs) <\/br>\n\u2027 Seminar n\u00eb Shqip\u00ebri p\u00ebr dizajner\u00eb (me 20 pjes\u00ebmarr\u00ebs) <\/br>\n\u2027 Konferenc\u00eb n\u00eb Shqip\u00ebri (me 50 pjes\u00ebmarr\u00ebs)\n<\/p>\n                                <\/div>\n                                <div class=\"inner-box clearfix\">\n                                    <div class=\"left-column pull-left\">\n\t\t\t\t\t\t\t\t\t\t                                        <div class=\"single-item\">\n                                            <div class=\"icon-box\"><i class=\"flaticon-double-tick-indicator\"><\/i><\/div>\n                                            <h6><\/h6>\n                                            <h4><\/h4>\n                                        <\/div>\n                                                                            <\/div>\n                                    <div class=\"right-column pull-right\">\n\t\t\t\t\t\t\t\t\t\t                                        <div class=\"text\">\n                                            <p><\/p>\n                                        <\/div>\n                                                                            <\/div>\n                                <\/div>\n\t\t\t\t\t\t\t\t\n\t\t\t\t\t\t\t\t                            <\/div>\n                        <\/div>\n                    <\/div>\n                    <div class=\"col-lg-6 col-md-12 col-sm-12 content-column\">\n                        <div class=\"content_block_7\">\n                            <div class=\"content-box\">\n                                <div class=\"left-column\">\n                                    <div class=\"inner centred\">\n                                        <div class=\"icon-box\"><i class=\"icon flaticon-building-1\"><\/i><\/div>\n                                        <h6>Sh\u00ebrbimi p\u00ebr<\/h6>\n                                        <h4>Banor\u00ebt e qytetit<\/h4>\n                                    <\/div>\n\t\t\t\t\t\t\t\t\t\n\t\t\t\t\t\t\t\t\t                                    <ul class=\"list clearfix\">\n                                        \t\t\t\t\t\t\t\t\t\t<li>P\u00ebrmir\u00ebsimi i aft\u00ebsive t\u00eb stafit n\u00eb p\u00ebrdorimin e teknologjive t\u00eb avancuara n\u00eb prodhimin e k\u00ebpuc\u00ebve<\/li>\n\t\t\t\t\t\t\t\t\t\t\t\t\t\t\t\t\t\t\t\t<li>Integrimi i mjeteve digjitale p\u00ebr dizajnin e k\u00ebpuc\u00ebve p\u00ebr t\u00eb ndihmuar kompanit\u00eb t\u00eb p\u00ebrmir\u00ebsojn\u00eb cil\u00ebsin\u00eb e produktit, t\u00eb rrisin produktivitetin dhe nj\u00ebkoh\u00ebsisht t\u00eb shkurtojn\u00eb koh\u00ebn e daljes n\u00eb treg. <\/li>\n\t\t\t\t\t\t\t\t\t\t\t\t\t\t\t\t\t\t\t\t<li><\/li>\n\t\t\t\t\t\t\t\t\t\t                                    <\/ul>\n\t\t\t\t\t\t\t\t\t                                <\/div>\n                                <div class=\"right-column\">\n                                    <figure class=\"image-box\">\n                                        <img decoding=\"async\" src=\"https:\/\/digi4wearables.eu\/wp-content\/uploads\/2021\/06\/DSC_2535-min-scaled.jpg\" alt=\"Awesome Image\">\n\t\t\t\t\t\t\t\t\t\t\n\t\t\t\t\t\t\t\t\t\t                                    <\/figure>\n                                    <div class=\"inner centred\">\n                                        <div class=\"icon-box\"><i class=\"\"><\/i><\/div>\n                                        <h6><\/h6>\n                                        <h4>Mb\u00ebshtetja e kompanive p\u00ebr t\u00eb qen\u00eb konkurruese n\u00eb biznesin e globalizuar duke ofruar produkte p\u00ebr \u00e7do konsumator. <\/h4>\n                                    <\/div>\n                                <\/div>\n                            <\/div>\n                        <\/div>\n                    <\/div>\n                <\/div>\n            <\/div>\n        <\/section>\n        <!-- about-style-four end -->\n\n        \t\t\t\t<\/div>\n\t\t\t\t<\/div>\n\t\t\t\t<div class=\"elementor-element elementor-element-19b1433 elementor-widget elementor-widget-html\" data-id=\"19b1433\" data-element_type=\"widget\" data-e-type=\"widget\" data-widget_type=\"html.default\">\n\t\t\t\t<div class=\"elementor-widget-container\">\n\t\t\t\t\t<style>\n    * {\n    box-sizing: border-box;\n    margin: 0;\n    padding: 0;\n}\n\nbody {\n    font-family: 'Arial', sans-serif;\n    background-color: #f8f9fa;\n    \n}\n\n.plan-container {\n    display: flex;\n    align-items: flex-start;\n    gap: 20px;\n    background-color: #fff;\n    border-radius: 8px;\n    box-shadow: 0 4px 8px rgba(0, 0, 0, 0.1);\n    padding: 20px;\n    max-width: 800px;\n    margin: 0 auto;\n}\n\n.icon-section {\n    display: flex;\n    flex-direction: column;\n    align-items: center;\n    text-align: center;\n    gap: 8px;\n}\n\n.icon {\n    width: 50px;\n    height: 50px;\n}\n\n.label {\n    font-size: 14px;\n    font-weight: bold;\n    text-transform: uppercase;\n    color: #888;\n}\n\n.content-section {\n    flex-grow: 1;\n}\n\n.title {\n    font-size: 24px;\n    font-weight: 600;\n    color: #333;\n    margin-bottom: 10px;\n}\n\n.plan-list {\n    list-style-type: none;\n    color: #555;\n    line-height: 1.6;\n    font-size: 16px;\n}\n\n.plan-list li {\n    margin-bottom: 10px;\n}\n\n.plan-list li span {\n    font-weight: 600;\n    color: #333;\n}\n\n\/* Responsive design *\/\n@media (max-width: 768px) {\n    .plan-container {\n        flex-direction: column;\n        align-items: flex-start;\n    }\n    \n    .icon-section {\n        flex-direction: row;\n        gap: 15px;\n    }\n}\n\n<\/style>\n\n\n<body>\n    <div class=\"plan-container\">\n        <div class=\"icon-section\">\n            <img decoding=\"async\" src=\"https:\/\/digi4wearables.eu\/wp-content\/uploads\/2024\/09\/work_plan_icon-removebg-preview.png\" alt=\"Work Icon\" class=\"icon\">\n            <span class=\"label\">Puna<\/span>\n        <\/div>\n        <div class=\"content-section\">\n            <h3 class=\"title\">Plani<\/h3>\n            <ul class=\"plan-list\">\n                <li>Menaxhimi i Projektit dhe Koordinimi &amp; Sigurimi i Cil\u00ebsis\u00eb <span>(Leader: CTCP)<\/span><\/li>\n                <li>Paketa Edukative Digi4Wearables <span>(Leader: TUIASI)<\/span><\/li>\n                <li>Pako Pilotimi <span>(Leader: UOWM)<\/span><\/li>\n                <li>Ndikimi dhe Shp\u00ebrndarja <span>(Leader: CRE.THI.DEV)<\/span><\/li>\n            <\/ul>\n        <\/div>\n    <\/div>\n<\/body>\t\t\t\t<\/div>\n\t\t\t\t<\/div>\n\t\t\t\t\t<\/div>\n\t\t\t\t<\/div>\n\t\t\t\t\t<\/div>\n\t\t\t\t<\/div>\n\t\t<div class=\"elementor-element elementor-element-11405d6 e-flex e-con-boxed e-con e-parent\" data-id=\"11405d6\" data-element_type=\"container\" data-e-type=\"container\">\n\t\t\t\t\t<div class=\"e-con-inner\">\n\t\t\t\t<div class=\"elementor-element elementor-element-1bd896c elementor-invisible elementor-widget elementor-widget-heading\" data-id=\"1bd896c\" data-element_type=\"widget\" data-e-type=\"widget\" data-settings=\"{&quot;_animation&quot;:&quot;fadeInRight&quot;}\" data-widget_type=\"heading.default\">\n\t\t\t\t<div class=\"elementor-widget-container\">\n\t\t\t\t\t<h3 class=\"elementor-heading-title elementor-size-default\">\u2605 Trajnime Projekti \u2605<\/h3>\t\t\t\t<\/div>\n\t\t\t\t<\/div>\n\t\t\t\t\t<\/div>\n\t\t\t\t<\/div>\n\t\t<div class=\"elementor-element elementor-element-6677374 e-flex e-con-boxed e-con e-parent\" data-id=\"6677374\" data-element_type=\"container\" data-e-type=\"container\">\n\t\t\t\t\t<div class=\"e-con-inner\">\n\t\t\t\t<div class=\"elementor-element elementor-element-02c940c elementor-widget elementor-widget-whitehall_blog_v2\" data-id=\"02c940c\" data-element_type=\"widget\" data-e-type=\"widget\" data-widget_type=\"whitehall_blog_v2.default\">\n\t\t\t\t<div class=\"elementor-widget-container\">\n\t\t\t\t\t        \n\t\t<!-- news-style-two -->\n        <section class=\"news-style-two sec-pad pb-140\">\n            <div class=\"pattern-layer\" style=\"background-image: url();\"><\/div>\n            <div class=\"auto-container\">\n                <div class=\"sec-title centred\">\n                    \t\t\t\t\t\n\t\t\t\t\t                <\/div>\n                <div class=\"row clearfix\">\n                                        <div class=\"col-lg-4 col-md-6 col-sm-12 news-block\">\n                        <div class=\"news-block-two wow fadeInUp animated animated\" data-wow-delay=\"400ms\" data-wow-duration=\"1500ms\">\n                            <div class=\"inner-box\">\n                                <figure class=\"image-box\"><img fetchpriority=\"high\" decoding=\"async\" width=\"370\" height=\"455\" src=\"https:\/\/digi4wearables.eu\/wp-content\/uploads\/2025\/05\/DSC07700-370x455.jpg\" class=\"attachment-whitehall_370x455 size-whitehall_370x455 wp-post-image\" alt=\"\" \/><\/figure>\n                                <div class=\"content-box\">\n                                    <div class=\"category\"><a href=\"javascript:;\"><i class=\"flaticon-star\"><\/i>Project Trainings<\/a><\/div>\n                                    <div class=\"text\">\n                                        <div class=\"post-date\"><h3>29<span>Pri\u201925<\/span><\/h3><\/div>\n                                        <h4><a href=\"https:\/\/digi4wearables.eu\/sq\/2025\/04\/29\/train-the-trainers-porto-portugal\/\">Trajnimi i Trajner\u00ebve Porto \u2013 Portugali<\/a><\/h4>\n                                        <ul class=\"post-info clearfix\">\n                                            <li><i class=\"far fa-user\"><\/i><a href=\"https:\/\/digi4wearables.eu\/sq\/author\/admin\/\">admin<\/a><\/li>\n                                            <li><i class=\"far fa-comment\"><\/i><a href=\"https:\/\/digi4wearables.eu\/sq\/2025\/04\/29\/train-the-trainers-porto-portugal\/#comments\">5 Comments<\/a><\/li>\n                                        <\/ul>\n                                    <\/div>\n                                <\/div>\n                            <\/div>\n                        <\/div>\n                    <\/div>\n                                        <div class=\"col-lg-4 col-md-6 col-sm-12 news-block\">\n                        <div class=\"news-block-two wow fadeInUp animated animated\" data-wow-delay=\"400ms\" data-wow-duration=\"1500ms\">\n                            <div class=\"inner-box\">\n                                <figure class=\"image-box\"><img decoding=\"async\" width=\"370\" height=\"455\" src=\"https:\/\/digi4wearables.eu\/wp-content\/uploads\/2025\/05\/Romania-Trainings-1-370x455.jpg\" class=\"attachment-whitehall_370x455 size-whitehall_370x455 wp-post-image\" alt=\"\" \/><\/figure>\n                                <div class=\"content-box\">\n                                    <div class=\"category\"><a href=\"javascript:;\"><i class=\"flaticon-star\"><\/i>Project Trainings<\/a><\/div>\n                                    <div class=\"text\">\n                                        <div class=\"post-date\"><h3>04<span>Mar\u201925<\/span><\/h3><\/div>\n                                        <h4><a href=\"https:\/\/digi4wearables.eu\/sq\/2025\/03\/04\/train-the-trainers-iasi-romania\/\">Trajnimi i Trajner\u00ebve Ia\u0219i \u2013 Rumani<\/a><\/h4>\n                                        <ul class=\"post-info clearfix\">\n                                            <li><i class=\"far fa-user\"><\/i><a href=\"https:\/\/digi4wearables.eu\/sq\/author\/admin\/\">admin<\/a><\/li>\n                                            <li><i class=\"far fa-comment\"><\/i><a href=\"https:\/\/digi4wearables.eu\/sq\/2025\/03\/04\/train-the-trainers-iasi-romania\/#comments\">0 Comments<\/a><\/li>\n                                        <\/ul>\n                                    <\/div>\n                                <\/div>\n                            <\/div>\n                        <\/div>\n                    <\/div>\n                                    <\/div>\n            <\/div>\n        <\/section>\n        <!-- news-style-two end -->\n\n        \t\t\t\t<\/div>\n\t\t\t\t<\/div>\n\t\t\t\t\t<\/div>\n\t\t\t\t<\/div>\n\t\t\t\t<\/div>","protected":false},"excerpt":{"rendered":"<p>Our Results The project envisages the development 2 sets of outcomes, available in English and Albanian, altogether covering the needs identified above, making possible the accomplishment of the main objectives. [&hellip;]<\/p>","protected":false},"author":1,"featured_media":0,"parent":0,"menu_order":0,"comment_status":"closed","ping_status":"closed","template":"tpl-default-elementor.php","meta":{"footnotes":""},"class_list":["post-2090","page","type-page","status-publish","hentry"],"yoast_head":"<!-- This site is optimized with the Yoast SEO Premium plugin v25.1 (Yoast SEO v26.5) - https:\/\/yoast.com\/wordpress\/plugins\/seo\/ -->\n<title>Results<\/title>\n<meta name=\"robots\" content=\"index, follow, max-snippet:-1, max-image-preview:large, max-video-preview:-1\" \/>\n<link rel=\"canonical\" href=\"https:\/\/digi4wearables.eu\/sq\/results\/\" \/>\n<meta property=\"og:locale\" content=\"sq_AL\" \/>\n<meta property=\"og:type\" content=\"article\" \/>\n<meta property=\"og:title\" content=\"Results\" \/>\n<meta property=\"og:description\" content=\"Our Results The project envisages the development 2 sets of outcomes, available in English and Albanian, altogether covering the needs identified above, making possible the accomplishment of the main objectives. [&hellip;]\" \/>\n<meta property=\"og:url\" content=\"https:\/\/digi4wearables.eu\/sq\/results\/\" \/>\n<meta property=\"og:site_name\" content=\"Digi4Wearables\" \/>\n<meta property=\"article:publisher\" content=\"https:\/\/www.facebook.com\/people\/Digi4-Wearables\/61566415940821\/\" \/>\n<meta property=\"article:modified_time\" content=\"2025-05-22T13:17:13+00:00\" \/>\n<meta property=\"og:image\" content=\"https:\/\/digi4wearables.eu\/wp-content\/uploads\/2021\/06\/DSC_2535-min-scaled.jpg\" \/>\n<meta name=\"twitter:card\" content=\"summary_large_image\" \/>\n<meta name=\"twitter:label1\" content=\"Est. reading time\" \/>\n\t<meta name=\"twitter:data1\" content=\"2 minuta\" \/>\n<script type=\"application\/ld+json\" class=\"yoast-schema-graph\">{\"@context\":\"https:\/\/schema.org\",\"@graph\":[{\"@type\":\"WebPage\",\"@id\":\"https:\/\/digi4wearables.eu\/results\/\",\"url\":\"https:\/\/digi4wearables.eu\/results\/\",\"name\":\"Results\",\"isPartOf\":{\"@id\":\"https:\/\/digi4wearables.eu\/#website\"},\"primaryImageOfPage\":{\"@id\":\"https:\/\/digi4wearables.eu\/results\/#primaryimage\"},\"image\":{\"@id\":\"https:\/\/digi4wearables.eu\/results\/#primaryimage\"},\"thumbnailUrl\":\"https:\/\/digi4wearables.eu\/wp-content\/uploads\/2021\/06\/DSC_2535-min-scaled.jpg\",\"datePublished\":\"2024-03-04T12:18:59+00:00\",\"dateModified\":\"2025-05-22T13:17:13+00:00\",\"breadcrumb\":{\"@id\":\"https:\/\/digi4wearables.eu\/results\/#breadcrumb\"},\"inLanguage\":\"sq\",\"potentialAction\":[{\"@type\":\"ReadAction\",\"target\":[\"https:\/\/digi4wearables.eu\/results\/\"]}]},{\"@type\":\"ImageObject\",\"inLanguage\":\"sq\",\"@id\":\"https:\/\/digi4wearables.eu\/results\/#primaryimage\",\"url\":\"https:\/\/digi4wearables.eu\/wp-content\/uploads\/2021\/06\/DSC_2535-min-scaled.jpg\",\"contentUrl\":\"https:\/\/digi4wearables.eu\/wp-content\/uploads\/2021\/06\/DSC_2535-min-scaled.jpg\"},{\"@type\":\"BreadcrumbList\",\"@id\":\"https:\/\/digi4wearables.eu\/results\/#breadcrumb\",\"itemListElement\":[{\"@type\":\"ListItem\",\"position\":1,\"name\":\"Home\",\"item\":\"https:\/\/digi4wearables.eu\/\"},{\"@type\":\"ListItem\",\"position\":2,\"name\":\"Results\"}]},{\"@type\":\"WebSite\",\"@id\":\"https:\/\/digi4wearables.eu\/#website\",\"url\":\"https:\/\/digi4wearables.eu\/\",\"name\":\"Digi4Wearables\",\"description\":\"\",\"potentialAction\":[{\"@type\":\"SearchAction\",\"target\":{\"@type\":\"EntryPoint\",\"urlTemplate\":\"https:\/\/digi4wearables.eu\/?s={search_term_string}\"},\"query-input\":{\"@type\":\"PropertyValueSpecification\",\"valueRequired\":true,\"valueName\":\"search_term_string\"}}],\"inLanguage\":\"sq\"}]}<\/script>\n<!-- \/ Yoast SEO Premium plugin. -->","yoast_head_json":{"title":"Rezultatet","robots":{"index":"index","follow":"follow","max-snippet":"max-snippet:-1","max-image-preview":"max-image-preview:large","max-video-preview":"max-video-preview:-1"},"canonical":"https:\/\/digi4wearables.eu\/sq\/results\/","og_locale":"sq_AL","og_type":"article","og_title":"Results","og_description":"Our Results The project envisages the development 2 sets of outcomes, available in English and Albanian, altogether covering the needs identified above, making possible the accomplishment of the main objectives. [&hellip;]","og_url":"https:\/\/digi4wearables.eu\/sq\/results\/","og_site_name":"Digi4Wearables","article_publisher":"https:\/\/www.facebook.com\/people\/Digi4-Wearables\/61566415940821\/","article_modified_time":"2025-05-22T13:17:13+00:00","og_image":[{"url":"https:\/\/digi4wearables.eu\/wp-content\/uploads\/2021\/06\/DSC_2535-min-scaled.jpg","type":"","width":"","height":""}],"twitter_card":"summary_large_image","twitter_misc":{"Est. reading time":"2 minuta"},"schema":{"@context":"https:\/\/schema.org","@graph":[{"@type":"WebPage","@id":"https:\/\/digi4wearables.eu\/results\/","url":"https:\/\/digi4wearables.eu\/results\/","name":"Rezultatet","isPartOf":{"@id":"https:\/\/digi4wearables.eu\/#website"},"primaryImageOfPage":{"@id":"https:\/\/digi4wearables.eu\/results\/#primaryimage"},"image":{"@id":"https:\/\/digi4wearables.eu\/results\/#primaryimage"},"thumbnailUrl":"https:\/\/digi4wearables.eu\/wp-content\/uploads\/2021\/06\/DSC_2535-min-scaled.jpg","datePublished":"2024-03-04T12:18:59+00:00","dateModified":"2025-05-22T13:17:13+00:00","breadcrumb":{"@id":"https:\/\/digi4wearables.eu\/results\/#breadcrumb"},"inLanguage":"sq","potentialAction":[{"@type":"ReadAction","target":["https:\/\/digi4wearables.eu\/results\/"]}]},{"@type":"ImageObject","inLanguage":"sq","@id":"https:\/\/digi4wearables.eu\/results\/#primaryimage","url":"https:\/\/digi4wearables.eu\/wp-content\/uploads\/2021\/06\/DSC_2535-min-scaled.jpg","contentUrl":"https:\/\/digi4wearables.eu\/wp-content\/uploads\/2021\/06\/DSC_2535-min-scaled.jpg"},{"@type":"BreadcrumbList","@id":"https:\/\/digi4wearables.eu\/results\/#breadcrumb","itemListElement":[{"@type":"ListItem","position":1,"name":"Home","item":"https:\/\/digi4wearables.eu\/"},{"@type":"ListItem","position":2,"name":"Results"}]},{"@type":"WebSite","@id":"https:\/\/digi4wearables.eu\/#website","url":"https:\/\/digi4wearables.eu\/","name":"Digi4Wearables","description":"","potentialAction":[{"@type":"SearchAction","target":{"@type":"EntryPoint","urlTemplate":"https:\/\/digi4wearables.eu\/?s={search_term_string}"},"query-input":{"@type":"PropertyValueSpecification","valueRequired":true,"valueName":"search_term_string"}}],"inLanguage":"sq"}]}},"_links":{"self":[{"href":"https:\/\/digi4wearables.eu\/sq\/wp-json\/wp\/v2\/pages\/2090","targetHints":{"allow":["GET"]}}],"collection":[{"href":"https:\/\/digi4wearables.eu\/sq\/wp-json\/wp\/v2\/pages"}],"about":[{"href":"https:\/\/digi4wearables.eu\/sq\/wp-json\/wp\/v2\/types\/page"}],"author":[{"embeddable":true,"href":"https:\/\/digi4wearables.eu\/sq\/wp-json\/wp\/v2\/users\/1"}],"replies":[{"embeddable":true,"href":"https:\/\/digi4wearables.eu\/sq\/wp-json\/wp\/v2\/comments?post=2090"}],"version-history":[{"count":51,"href":"https:\/\/digi4wearables.eu\/sq\/wp-json\/wp\/v2\/pages\/2090\/revisions"}],"predecessor-version":[{"id":3466,"href":"https:\/\/digi4wearables.eu\/sq\/wp-json\/wp\/v2\/pages\/2090\/revisions\/3466"}],"wp:attachment":[{"href":"https:\/\/digi4wearables.eu\/sq\/wp-json\/wp\/v2\/media?parent=2090"}],"curies":[{"name":"wp","href":"https:\/\/api.w.org\/{rel}","templated":true}]}}