{"id":2171,"date":"2024-03-04T16:51:50","date_gmt":"2024-03-04T14:51:50","guid":{"rendered":"https:\/\/digi4wearables.eu\/?page_id=2171"},"modified":"2024-03-04T16:59:17","modified_gmt":"2024-03-04T14:59:17","slug":"the-project","status":"publish","type":"page","link":"https:\/\/digi4wearables.eu\/sq\/the-project\/","title":{"rendered":"Projekti"},"content":{"rendered":"<div data-elementor-type=\"wp-page\" data-elementor-id=\"2171\" class=\"elementor elementor-2171\" data-elementor-post-type=\"page\">\n\t\t\t\t\t\t<section class=\"elementor-section elementor-top-section elementor-element elementor-element-e81bf42 elementor-section-full_width elementor-section-height-default elementor-section-height-default\" data-id=\"e81bf42\" data-element_type=\"section\" data-e-type=\"section\">\n\t\t\t\t\t\t<div class=\"elementor-container elementor-column-gap-default\">\n\t\t\t\t\t<div class=\"elementor-column elementor-col-100 elementor-top-column elementor-element elementor-element-ee47eea\" data-id=\"ee47eea\" data-element_type=\"column\" data-e-type=\"column\">\n\t\t\t<div class=\"elementor-widget-wrap elementor-element-populated\">\n\t\t\t\t\t\t<div class=\"elementor-element elementor-element-07ab920 elementor-widget elementor-widget-whitehall_about_us_v1\" data-id=\"07ab920\" data-element_type=\"widget\" data-e-type=\"widget\" data-widget_type=\"whitehall_about_us_v1.default\">\n\t\t\t\t<div class=\"elementor-widget-container\">\n\t\t\t\t\t        \n        <!-- about-section -->\n        <section class=\"about-section sec-pad bg-color-1\">\n            <div class=\"auto-container\">\n                <div class=\"row clearfix\">\n                    <div class=\"col-lg-6 col-md-12 col-sm-12 content-column\">\n                        <div class=\"content_block_1\">\n                            <div class=\"content-box\">\n                                <div class=\"sec-title\">\n                                    \t\t\t\t\t\t\t\t\t<h6><i class=\"flaticon-star\"><\/i><span>Rreth<\/span><\/h6>\n\t\t\t\t\t\t\t\t\t\t\t\t\t\t\t\t\t\t\n                                    \t\t\t\t\t\t\t\t\t<h2>Projekti<\/h2>\n                                    <div class=\"title-shape\"><\/div>\n\t\t\t\t\t\t\t\t\t                                <\/div>\n                                <div class=\"text\">\n                                    <h5><\/h5>\n                                    <h4><\/h4>\n                                    <p>Prodhimi i k\u00ebpuc\u00ebve \u00ebsht\u00eb nj\u00eb sektor i r\u00ebnd\u00ebsish\u00ebm i ekonomis\u00eb shqiptare, i cili ka nj\u00eb tradit\u00eb t\u00eb gjat\u00eb. Sektori i k\u00ebpuc\u00ebve operon me dy lloje kompanish: kompani q\u00eb prodhojn\u00eb dhe eksportojn\u00eb pjes\u00ebrisht produktin dhe kompani q\u00eb prodhojn\u00eb dhe eksportojn\u00eb produktin e plot\u00eb. Nj\u00ebzet lloje modelesh biznesi jan\u00eb t\u00eb njohura: M (B\u00ebj); CM (Pres dhe B\u00ebj); CMT (Pres, B\u00ebj dhe P\u00ebrdor); FP (Paketa e Plot\u00eb) dhe OB (Marka e Vet). Sa i p\u00ebrket konsumatorit shqiptar, nevoja p\u00ebr k\u00ebpuc\u00eb plot\u00ebsohet kryesisht nga produktet e importuara t\u00eb k\u00ebpuc\u00ebve. <\/br><\/br>\nNj\u00eb num\u00ebr n\u00eb rritje kompanish q\u00eb operojn\u00eb n\u00eb sektorin e k\u00ebpuc\u00ebve kan\u00eb ndryshuar modelin e tyre t\u00eb biznesit n\u00eb Paket\u00eb t\u00eb Plot\u00eb. Ky ndryshim i modelit t\u00eb biznesit ka nxjerr\u00eb n\u00eb pah nevoj\u00ebn p\u00ebr fuqi pun\u00ebtore t\u00eb kualifikuar nga ana e kompanive, dhe t\u00eb dh\u00ebnat e mbledhura nga sondazhet tregojn\u00eb munges\u00ebn e fuqis\u00eb pun\u00ebtore t\u00eb kualifikuar. Fitimi i aft\u00ebsive digjitale duhet t\u00eb mb\u00ebshtetet nga kompanit\u00eb e k\u00ebpuc\u00ebve. Gjith\u00e7ka shoq\u00ebrohet me nevoja urgjente p\u00ebr metoda t\u00eb avancuara t\u00eb dizajnit dhe prodhimit digjital.<\/br><\/br>\nProjekti Digi4Wearables do t\u00eb zhvilloj\u00eb nj\u00eb metodologji inovative trajnimi duke p\u00ebrdorur praktika dhe mjete p\u00ebrfshir\u00ebse dhe t\u00eb reja p\u00ebr t\u00eb p\u00ebrmir\u00ebsuar njohurit\u00eb e punonj\u00ebsve n\u00eb kompanit\u00eb e k\u00ebpuc\u00ebve n\u00eb Shqip\u00ebri mbi prodhimin digjital.<\/br><\/br>\nP\u00ebr m\u00eb tep\u00ebr, k\u00ebto mjete digjitale do t\u00eb mb\u00ebshtetin m\u00ebnyr\u00ebn e q\u00ebndrueshme t\u00eb prodhimit si nj\u00eb nevoj\u00eb n\u00eb rritje e k\u00ebrkuar p\u00ebr \u00e7do kompani, me q\u00ebllim uljen e ndikimit negativ n\u00eb mjedis.\n<\/p>\n                                <\/div>\n                                <div class=\"inner-box clearfix\">\n                                    <figure class=\"signature pull-left\"><img decoding=\"async\" src=\"https:\/\/digi4wearables.eu\/wp-content\/uploads\/2021\/05\/signature.png\" alt=\"Signature\"><\/figure>\n                                    <ul class=\"social-style-one clearfix\">\n\t\t\t\t\t\t\t\t\t\t                                        <li><a href=\"https:\/\/www.linkedin.com\/\" target=\"_blank\"><i class=\"fab fa fa-linkedin-in\"><\/i><\/a><\/li>\n                                                                            <\/ul>\n                                <\/div>\n                                <div class=\"lower-box\">\n                                    <div class=\"row clearfix\">\n\t\t\t\t\t\t\t\t\t\t                                        <div class=\"col-lg-6 col-md-6 col-sm-12 single-column\">\n                                            <div class=\"single-item wow fadeInLeft animated animated\" data-wow-delay=\"00ms\" data-wow-duration=\"1500ms\">\n                                                <div class=\"icon-box\"><i class=\"icon flaticon-alert\"><\/i><\/div>\n                                                <h5>Emergjenc\u00eb<\/h5>\n                                                <p><a href=\"tel:911\">911<\/a> ( Police Inquiry )<\/p>\n                                            <\/div>\n                                        <\/div>\n                                                                            <\/div>\n                                <\/div>\n                            <\/div>\n                        <\/div>\n                    <\/div>\n                    <div class=\"col-lg-6 col-md-12 col-sm-12 image-column\">\n                        <div class=\"image_block_1\">\n                            <div class=\"image-box\">\n\t\t\t\t\t\t\t\t                                <figure class=\"image\"><img decoding=\"async\" src=\"https:\/\/digi4wearables.eu\/wp-content\/uploads\/2021\/06\/01-edit-min-scaled.jpg\" alt=\"Awesome Image\"><\/figure>\n\t\t\t\t\t\t\t\t\t\t\t\t\t\t\t\t                                <div class=\"text\">\n                                    <h4>\n<\/h4>\n                                <\/div>\n\t\t\t\t\t\t\t\t                            <\/div>\n                        <\/div>\n                    <\/div>\n                <\/div>\n            <\/div>\n        <\/section>\n        <!-- about-section end -->\n\n        \t\t\t\t<\/div>\n\t\t\t\t<\/div>\n\t\t\t\t\t<\/div>\n\t\t<\/div>\n\t\t\t\t\t<\/div>\n\t\t<\/section>\n\t\t<div class=\"elementor-element elementor-element-99149df e-flex e-con-boxed e-con e-parent\" data-id=\"99149df\" data-element_type=\"container\" data-e-type=\"container\">\n\t\t\t\t\t<div class=\"e-con-inner\">\n\t\t<div class=\"elementor-element elementor-element-ba596c8 e-con-full e-flex elementor-invisible e-con e-child\" data-id=\"ba596c8\" data-element_type=\"container\" data-e-type=\"container\" data-settings=\"{&quot;background_background&quot;:&quot;classic&quot;,&quot;animation&quot;:&quot;fadeIn&quot;}\">\n\t\t\t\t<div class=\"elementor-element elementor-element-1548806 elementor-widget-divider--view-line_text elementor-widget-divider--element-align-center elementor-widget elementor-widget-divider\" data-id=\"1548806\" data-element_type=\"widget\" data-e-type=\"widget\" data-widget_type=\"divider.default\">\n\t\t\t\t<div class=\"elementor-widget-container\">\n\t\t\t\t\t\t\t<div class=\"elementor-divider\">\n\t\t\t<span class=\"elementor-divider-separator\">\n\t\t\t\t\t\t\t<span class=\"elementor-divider__text elementor-divider__element\">\n\t\t\t\tQ\u00ebllimet Kryesore\t\t\t\t<\/span>\n\t\t\t\t\t\t<\/span>\n\t\t<\/div>\n\t\t\t\t\t\t<\/div>\n\t\t\t\t<\/div>\n\t\t\t\t<div class=\"elementor-element elementor-element-d45714f elementor-widget elementor-widget-text-editor\" data-id=\"d45714f\" data-element_type=\"widget\" data-e-type=\"widget\" data-widget_type=\"text-editor.default\">\n\t\t\t\t<div class=\"elementor-widget-container\">\n\t\t\t\t\t\t\t\t\t<p>Projekti Digi4Wearables do t\u00eb zhvilloj\u00eb dhe pilotoj\u00eb nj\u00eb metodologji inovative trajnimi mbi prodhimin digjital duke p\u00ebrdorur praktika p\u00ebrfshir\u00ebse dhe mjete digjitale p\u00ebr t\u00eb p\u00ebrmir\u00ebsuar njohurit\u00eb e punonj\u00ebsve n\u00eb kompanit\u00eb e k\u00ebpuc\u00ebve n\u00eb Shqip\u00ebri.<\/p>\t\t\t\t\t\t\t\t<\/div>\n\t\t\t\t<\/div>\n\t\t\t\t<\/div>\n\t\t<div class=\"elementor-element elementor-element-11cad1a e-con-full e-flex elementor-invisible e-con e-child\" data-id=\"11cad1a\" data-element_type=\"container\" data-e-type=\"container\" data-settings=\"{&quot;background_background&quot;:&quot;classic&quot;,&quot;animation&quot;:&quot;fadeIn&quot;}\">\n\t\t\t\t<div class=\"elementor-element elementor-element-ac2c90d elementor-widget-divider--view-line_text elementor-widget-divider--element-align-center elementor-widget elementor-widget-divider\" data-id=\"ac2c90d\" data-element_type=\"widget\" data-e-type=\"widget\" data-widget_type=\"divider.default\">\n\t\t\t\t<div class=\"elementor-widget-container\">\n\t\t\t\t\t\t\t<div class=\"elementor-divider\">\n\t\t\t<span class=\"elementor-divider-separator\">\n\t\t\t\t\t\t\t<span class=\"elementor-divider__text elementor-divider__element\">\n\t\t\t\tObjektivat Specifike\t\t\t\t<\/span>\n\t\t\t\t\t\t<\/span>\n\t\t<\/div>\n\t\t\t\t\t\t<\/div>\n\t\t\t\t<\/div>\n\t\t\t\t<div class=\"elementor-element elementor-element-5bbff5c elementor-widget elementor-widget-text-editor\" data-id=\"5bbff5c\" data-element_type=\"widget\" data-e-type=\"widget\" data-widget_type=\"text-editor.default\">\n\t\t\t\t<div class=\"elementor-widget-container\">\n\t\t\t\t\t\t\t\t\t\u00b7 P\u00ebrmir\u00ebsimi i aft\u00ebsive t\u00eb stafit n\u00eb p\u00ebrdorimin e teknologjive t\u00eb avancuara n\u00eb prodhimin e k\u00ebpuc\u00ebve.<\/br> \u00b7 Integrimi i mjeteve digjitale p\u00ebr dizajnin e k\u00ebpuc\u00ebve p\u00ebr t\u00eb ndihmuar kompanit\u00eb t\u00eb p\u00ebrmir\u00ebsojn\u00eb cil\u00ebsin\u00eb e produktit, t\u00eb rrisin produktivitetin dhe nj\u00ebkoh\u00ebsisht t\u00eb shkurtojn\u00eb koh\u00ebn e daljes n\u00eb treg.<\/br> \u00b7 Mb\u00ebshtetja e kompanive p\u00ebr t\u2019u b\u00ebr\u00eb konkurruese n\u00eb biznesin e globalizuar duke ofruar produkte p\u00ebr \u00e7do konsumator.\t\t\t\t\t\t\t\t<\/div>\n\t\t\t\t<\/div>\n\t\t\t\t<\/div>\n\t\t\t\t\t<\/div>\n\t\t\t\t<\/div>\n\t\t\t\t<\/div>","protected":false},"excerpt":{"rendered":"<p>About The Project Footwear production is an important sector of Albanian economy, which has a long tradition. The footwear sector operates with two types of companies: companies producing and exporting [&hellip;]<\/p>","protected":false},"author":1,"featured_media":0,"parent":0,"menu_order":0,"comment_status":"closed","ping_status":"closed","template":"tpl-default-elementor.php","meta":{"footnotes":""},"class_list":["post-2171","page","type-page","status-publish","hentry"],"yoast_head":"<!-- This site is optimized with the Yoast SEO Premium plugin v25.1 (Yoast SEO v26.5) - https:\/\/yoast.com\/wordpress\/plugins\/seo\/ -->\n<title>The Project<\/title>\n<meta name=\"robots\" content=\"index, follow, max-snippet:-1, max-image-preview:large, max-video-preview:-1\" \/>\n<link rel=\"canonical\" href=\"https:\/\/digi4wearables.eu\/sq\/the-project\/\" \/>\n<meta property=\"og:locale\" content=\"sq_AL\" \/>\n<meta property=\"og:type\" content=\"article\" \/>\n<meta property=\"og:title\" content=\"The Project\" \/>\n<meta property=\"og:description\" content=\"About The Project Footwear production is an important sector of Albanian economy, which has a long tradition. The footwear sector operates with two types of companies: companies producing and exporting [&hellip;]\" \/>\n<meta property=\"og:url\" content=\"https:\/\/digi4wearables.eu\/sq\/the-project\/\" \/>\n<meta property=\"og:site_name\" content=\"Digi4Wearables\" \/>\n<meta property=\"article:publisher\" content=\"https:\/\/www.facebook.com\/people\/Digi4-Wearables\/61566415940821\/\" \/>\n<meta property=\"article:modified_time\" content=\"2024-03-04T14:59:17+00:00\" \/>\n<meta property=\"og:image\" content=\"https:\/\/digi4wearables.eu\/wp-content\/uploads\/2021\/05\/signature.png\" \/>\n<meta name=\"twitter:card\" content=\"summary_large_image\" \/>\n<meta name=\"twitter:label1\" content=\"Est. reading time\" \/>\n\t<meta name=\"twitter:data1\" content=\"2 minuta\" \/>\n<script type=\"application\/ld+json\" class=\"yoast-schema-graph\">{\"@context\":\"https:\/\/schema.org\",\"@graph\":[{\"@type\":\"WebPage\",\"@id\":\"https:\/\/digi4wearables.eu\/the-project\/\",\"url\":\"https:\/\/digi4wearables.eu\/the-project\/\",\"name\":\"The Project\",\"isPartOf\":{\"@id\":\"https:\/\/digi4wearables.eu\/#website\"},\"primaryImageOfPage\":{\"@id\":\"https:\/\/digi4wearables.eu\/the-project\/#primaryimage\"},\"image\":{\"@id\":\"https:\/\/digi4wearables.eu\/the-project\/#primaryimage\"},\"thumbnailUrl\":\"https:\/\/digi4wearables.eu\/wp-content\/uploads\/2021\/05\/signature.png\",\"datePublished\":\"2024-03-04T14:51:50+00:00\",\"dateModified\":\"2024-03-04T14:59:17+00:00\",\"breadcrumb\":{\"@id\":\"https:\/\/digi4wearables.eu\/the-project\/#breadcrumb\"},\"inLanguage\":\"sq\",\"potentialAction\":[{\"@type\":\"ReadAction\",\"target\":[\"https:\/\/digi4wearables.eu\/the-project\/\"]}]},{\"@type\":\"ImageObject\",\"inLanguage\":\"sq\",\"@id\":\"https:\/\/digi4wearables.eu\/the-project\/#primaryimage\",\"url\":\"https:\/\/digi4wearables.eu\/wp-content\/uploads\/2021\/05\/signature.png\",\"contentUrl\":\"https:\/\/digi4wearables.eu\/wp-content\/uploads\/2021\/05\/signature.png\"},{\"@type\":\"BreadcrumbList\",\"@id\":\"https:\/\/digi4wearables.eu\/the-project\/#breadcrumb\",\"itemListElement\":[{\"@type\":\"ListItem\",\"position\":1,\"name\":\"Home\",\"item\":\"https:\/\/digi4wearables.eu\/\"},{\"@type\":\"ListItem\",\"position\":2,\"name\":\"The Project\"}]},{\"@type\":\"WebSite\",\"@id\":\"https:\/\/digi4wearables.eu\/#website\",\"url\":\"https:\/\/digi4wearables.eu\/\",\"name\":\"Digi4Wearables\",\"description\":\"\",\"potentialAction\":[{\"@type\":\"SearchAction\",\"target\":{\"@type\":\"EntryPoint\",\"urlTemplate\":\"https:\/\/digi4wearables.eu\/?s={search_term_string}\"},\"query-input\":{\"@type\":\"PropertyValueSpecification\",\"valueRequired\":true,\"valueName\":\"search_term_string\"}}],\"inLanguage\":\"sq\"}]}<\/script>\n<!-- \/ Yoast SEO Premium plugin. -->","yoast_head_json":{"title":"Projekti","robots":{"index":"index","follow":"follow","max-snippet":"max-snippet:-1","max-image-preview":"max-image-preview:large","max-video-preview":"max-video-preview:-1"},"canonical":"https:\/\/digi4wearables.eu\/sq\/the-project\/","og_locale":"sq_AL","og_type":"article","og_title":"The Project","og_description":"About The Project Footwear production is an important sector of Albanian economy, which has a long tradition. The footwear sector operates with two types of companies: companies producing and exporting [&hellip;]","og_url":"https:\/\/digi4wearables.eu\/sq\/the-project\/","og_site_name":"Digi4Wearables","article_publisher":"https:\/\/www.facebook.com\/people\/Digi4-Wearables\/61566415940821\/","article_modified_time":"2024-03-04T14:59:17+00:00","og_image":[{"url":"https:\/\/digi4wearables.eu\/wp-content\/uploads\/2021\/05\/signature.png","type":"","width":"","height":""}],"twitter_card":"summary_large_image","twitter_misc":{"Est. reading time":"2 minuta"},"schema":{"@context":"https:\/\/schema.org","@graph":[{"@type":"WebPage","@id":"https:\/\/digi4wearables.eu\/the-project\/","url":"https:\/\/digi4wearables.eu\/the-project\/","name":"Projekti","isPartOf":{"@id":"https:\/\/digi4wearables.eu\/#website"},"primaryImageOfPage":{"@id":"https:\/\/digi4wearables.eu\/the-project\/#primaryimage"},"image":{"@id":"https:\/\/digi4wearables.eu\/the-project\/#primaryimage"},"thumbnailUrl":"https:\/\/digi4wearables.eu\/wp-content\/uploads\/2021\/05\/signature.png","datePublished":"2024-03-04T14:51:50+00:00","dateModified":"2024-03-04T14:59:17+00:00","breadcrumb":{"@id":"https:\/\/digi4wearables.eu\/the-project\/#breadcrumb"},"inLanguage":"sq","potentialAction":[{"@type":"ReadAction","target":["https:\/\/digi4wearables.eu\/the-project\/"]}]},{"@type":"ImageObject","inLanguage":"sq","@id":"https:\/\/digi4wearables.eu\/the-project\/#primaryimage","url":"https:\/\/digi4wearables.eu\/wp-content\/uploads\/2021\/05\/signature.png","contentUrl":"https:\/\/digi4wearables.eu\/wp-content\/uploads\/2021\/05\/signature.png"},{"@type":"BreadcrumbList","@id":"https:\/\/digi4wearables.eu\/the-project\/#breadcrumb","itemListElement":[{"@type":"ListItem","position":1,"name":"Home","item":"https:\/\/digi4wearables.eu\/"},{"@type":"ListItem","position":2,"name":"The Project"}]},{"@type":"WebSite","@id":"https:\/\/digi4wearables.eu\/#website","url":"https:\/\/digi4wearables.eu\/","name":"Digi4Wearables","description":"","potentialAction":[{"@type":"SearchAction","target":{"@type":"EntryPoint","urlTemplate":"https:\/\/digi4wearables.eu\/?s={search_term_string}"},"query-input":{"@type":"PropertyValueSpecification","valueRequired":true,"valueName":"search_term_string"}}],"inLanguage":"sq"}]}},"_links":{"self":[{"href":"https:\/\/digi4wearables.eu\/sq\/wp-json\/wp\/v2\/pages\/2171","targetHints":{"allow":["GET"]}}],"collection":[{"href":"https:\/\/digi4wearables.eu\/sq\/wp-json\/wp\/v2\/pages"}],"about":[{"href":"https:\/\/digi4wearables.eu\/sq\/wp-json\/wp\/v2\/types\/page"}],"author":[{"embeddable":true,"href":"https:\/\/digi4wearables.eu\/sq\/wp-json\/wp\/v2\/users\/1"}],"replies":[{"embeddable":true,"href":"https:\/\/digi4wearables.eu\/sq\/wp-json\/wp\/v2\/comments?post=2171"}],"version-history":[{"count":22,"href":"https:\/\/digi4wearables.eu\/sq\/wp-json\/wp\/v2\/pages\/2171\/revisions"}],"predecessor-version":[{"id":2193,"href":"https:\/\/digi4wearables.eu\/sq\/wp-json\/wp\/v2\/pages\/2171\/revisions\/2193"}],"wp:attachment":[{"href":"https:\/\/digi4wearables.eu\/sq\/wp-json\/wp\/v2\/media?parent=2171"}],"curies":[{"name":"wp","href":"https:\/\/api.w.org\/{rel}","templated":true}]}}