{"id":2705,"date":"2024-10-16T15:19:23","date_gmt":"2024-10-16T13:19:23","guid":{"rendered":"https:\/\/digi4wearables.eu\/?page_id=2705"},"modified":"2024-10-16T15:37:16","modified_gmt":"2024-10-16T13:37:16","slug":"courses","status":"publish","type":"page","link":"https:\/\/digi4wearables.eu\/sq\/courses\/","title":{"rendered":"Kurset"},"content":{"rendered":"<div data-elementor-type=\"wp-page\" data-elementor-id=\"2705\" class=\"elementor elementor-2705\" data-elementor-post-type=\"page\">\n\t\t\t\t<div class=\"elementor-element elementor-element-f0ed250 e-flex e-con-boxed elementor-invisible e-con e-parent\" data-id=\"f0ed250\" data-element_type=\"container\" data-e-type=\"container\" data-settings=\"{&quot;animation&quot;:&quot;zoomInRight&quot;}\">\n\t\t\t\t\t<div class=\"e-con-inner\">\n\t\t\t\t<div class=\"elementor-element elementor-element-e2866e3 elementor-widget elementor-widget-text-editor\" data-id=\"e2866e3\" data-element_type=\"widget\" data-e-type=\"widget\" data-widget_type=\"text-editor.default\">\n\t\t\t\t<div class=\"elementor-widget-container\">\n\t\t\t\t\t\t\t\t\t<p><span style=\"color: #000000;\"><strong>Digi4Wearables<\/strong> Projekti i BE-s\u00eb lan\u00e7on 4 kurse t\u00eb reja p\u00ebr t\u00eb fuqizuar industrin\u00eb e k\u00ebpuc\u00ebve n\u00eb Shqip\u00ebri<\/span><\/p>\n<p><span style=\"color: #000000;\">&nbsp;<\/span><\/p>\n<p><\/p>\n<p><span style=\"color: #000000;\">Nisma Digi4Wearables, nj\u00eb projekt i dedikuar p\u00ebr avancimin e aft\u00ebsive t\u00eb prodhimit dixhital p\u00ebr industrin\u00eb e k\u00ebpuc\u00ebve, ka k\u00ebnaq\u00ebsin\u00eb t\u00eb njoftoj\u00eb nisjen e kat\u00ebr kurseve gjith\u00ebp\u00ebrfshir\u00ebse q\u00eb tani jan\u00eb t\u00eb disponueshme n\u00eb faqen e saj t\u00eb internetit. <a href=\"https:\/\/digi4wearables.eu\/sq\/\">https:\/\/digi4wearables.eu\/<\/a> K\u00ebto kurse jan\u00eb hartuar p\u00ebr t\u00eb rritur ekspertiz\u00ebn e punonj\u00ebsve n\u00eb sektorin e k\u00ebpuc\u00ebve n\u00eb Shqip\u00ebri duke p\u00ebrdorur mjete dixhitale inovative dhe metoda trajnimi gjith\u00ebp\u00ebrfshir\u00ebse.<\/span><\/p>\n<p><span style=\"color: #000000;\">&nbsp;<\/span><\/p>\n<p><\/p>\n<p><span style=\"color: #000000;\">T\u00eb zhvilluara si pjes\u00eb e projektit Digi4Wearables, kurset<span style=\"text-align: var(--text-align);\">trajtojn\u00eb tema thelb\u00ebsore n\u00eb prodhimin e k\u00ebpuc\u00ebve dhe jan\u00eb t\u00eb ndara n\u00eb module, duke ofruar fleksibilitet p\u00ebr pjes\u00ebmarr\u00ebsit. Secili kurs \u00ebsht\u00eb i strukturuar n\u00eb gjasht\u00eb seksione: Makrostruktura, Kurrikula, Sh\u00ebnimet e Kursit, Prezentimet dhe Testet me Pyet\u00ebsor. Ky format siguron nj\u00eb p\u00ebrvoj\u00eb t\u00eb plot\u00eb m\u00ebsimore p\u00ebr pjes\u00ebmarr\u00ebsit, duke iu p\u00ebrshtatur roleve dhe niveleve t\u00eb ndryshme t\u00eb ekspertiz\u00ebs.<\/span><\/span><\/p>\n<p><span style=\"color: #000000;\">Kurset e sapolan\u00e7uar p\u00ebrfshijn\u00eb:<\/span><\/p>\t\t\t\t\t\t\t\t<\/div>\n\t\t\t\t<\/div>\n\t\t\t\t\t<\/div>\n\t\t\t\t<\/div>\n\t\t<div class=\"elementor-element elementor-element-4685e16 e-flex e-con-boxed e-con e-parent\" data-id=\"4685e16\" data-element_type=\"container\" data-e-type=\"container\">\n\t\t\t\t\t<div class=\"e-con-inner\">\n\t\t<div class=\"elementor-element elementor-element-8e8ba9b e-con-full e-flex e-con e-child\" data-id=\"8e8ba9b\" data-element_type=\"container\" data-e-type=\"container\">\n\t\t\t\t<div class=\"elementor-element elementor-element-7328b37 elementor-invisible elementor-widget elementor-widget-heading\" data-id=\"7328b37\" data-element_type=\"widget\" data-e-type=\"widget\" data-settings=\"{&quot;_animation&quot;:&quot;fadeInUp&quot;}\" data-widget_type=\"heading.default\">\n\t\t\t\t<div class=\"elementor-widget-container\">\n\t\t\t\t\t<h5 class=\"elementor-heading-title elementor-size-default\">Kurs Modular n\u00eb Performanc\u00ebn dhe Testimin e K\u00ebpuc\u00ebve<\/h5>\t\t\t\t<\/div>\n\t\t\t\t<\/div>\n\t\t\t\t<div class=\"elementor-element elementor-element-e34f303 elementor-invisible elementor-widget elementor-widget-image\" data-id=\"e34f303\" data-element_type=\"widget\" data-e-type=\"widget\" data-settings=\"{&quot;_animation&quot;:&quot;fadeInUp&quot;}\" data-widget_type=\"image.default\">\n\t\t\t\t<div class=\"elementor-widget-container\">\n\t\t\t\t\t\t\t\t\t\t\t\t\t\t\t<img fetchpriority=\"high\" decoding=\"async\" width=\"1230\" height=\"821\" src=\"https:\/\/digi4wearables.eu\/wp-content\/uploads\/2024\/10\/foto-1.jpg\" class=\"attachment-full size-full wp-image-2672\" alt=\"\" srcset=\"https:\/\/digi4wearables.eu\/wp-content\/uploads\/2024\/10\/foto-1.jpg 1230w, https:\/\/digi4wearables.eu\/wp-content\/uploads\/2024\/10\/foto-1-300x200.jpg 300w, https:\/\/digi4wearables.eu\/wp-content\/uploads\/2024\/10\/foto-1-1024x683.jpg 1024w, https:\/\/digi4wearables.eu\/wp-content\/uploads\/2024\/10\/foto-1-768x513.jpg 768w\" sizes=\"(max-width: 1230px) 100vw, 1230px\" \/>\t\t\t\t\t\t\t\t\t\t\t\t\t\t\t<\/div>\n\t\t\t\t<\/div>\n\t\t\t\t<\/div>\n\t\t<div class=\"elementor-element elementor-element-f96df6d e-con-full e-flex e-con e-child\" data-id=\"f96df6d\" data-element_type=\"container\" data-e-type=\"container\">\n\t\t\t\t<div class=\"elementor-element elementor-element-5be0ec8 elementor-invisible elementor-widget elementor-widget-heading\" data-id=\"5be0ec8\" data-element_type=\"widget\" data-e-type=\"widget\" data-settings=\"{&quot;_animation&quot;:&quot;fadeInUp&quot;}\" data-widget_type=\"heading.default\">\n\t\t\t\t<div class=\"elementor-widget-container\">\n\t\t\t\t\t<h5 class=\"elementor-heading-title elementor-size-default\">Kurs Modular n\u00eb Dizajnin Krijues t\u00eb K\u00ebpuc\u00ebve<\/h5>\t\t\t\t<\/div>\n\t\t\t\t<\/div>\n\t\t\t\t<div class=\"elementor-element elementor-element-bb02cc3 elementor-invisible elementor-widget elementor-widget-image\" data-id=\"bb02cc3\" data-element_type=\"widget\" data-e-type=\"widget\" data-settings=\"{&quot;_animation&quot;:&quot;fadeInUp&quot;}\" data-widget_type=\"image.default\">\n\t\t\t\t<div class=\"elementor-widget-container\">\n\t\t\t\t\t\t\t\t\t\t\t\t\t\t\t<img decoding=\"async\" width=\"505\" height=\"335\" src=\"https:\/\/digi4wearables.eu\/wp-content\/uploads\/2024\/10\/Picture2.jpg\" class=\"attachment-large size-large wp-image-2673\" alt=\"\" srcset=\"https:\/\/digi4wearables.eu\/wp-content\/uploads\/2024\/10\/Picture2.jpg 505w, https:\/\/digi4wearables.eu\/wp-content\/uploads\/2024\/10\/Picture2-300x199.jpg 300w\" sizes=\"(max-width: 505px) 100vw, 505px\" \/>\t\t\t\t\t\t\t\t\t\t\t\t\t\t\t<\/div>\n\t\t\t\t<\/div>\n\t\t\t\t<\/div>\n\t\t<div class=\"elementor-element elementor-element-82c892c e-con-full e-flex e-con e-child\" data-id=\"82c892c\" data-element_type=\"container\" data-e-type=\"container\">\n\t\t\t\t<div class=\"elementor-element elementor-element-db2f59c elementor-invisible elementor-widget elementor-widget-heading\" data-id=\"db2f59c\" data-element_type=\"widget\" data-e-type=\"widget\" data-settings=\"{&quot;_animation&quot;:&quot;fadeInUp&quot;}\" data-widget_type=\"heading.default\">\n\t\t\t\t<div class=\"elementor-widget-container\">\n\t\t\t\t\t<h5 class=\"elementor-heading-title elementor-size-default\">Kurs Modular n\u00eb Inxhinierin\u00eb e Dizajnit t\u00eb K\u00ebpuc\u00ebve<\/h5>\t\t\t\t<\/div>\n\t\t\t\t<\/div>\n\t\t\t\t<div class=\"elementor-element elementor-element-5d02a40 elementor-invisible elementor-widget elementor-widget-image\" data-id=\"5d02a40\" data-element_type=\"widget\" data-e-type=\"widget\" data-settings=\"{&quot;_animation&quot;:&quot;fadeInUp&quot;}\" data-widget_type=\"image.default\">\n\t\t\t\t<div class=\"elementor-widget-container\">\n\t\t\t\t\t\t\t\t\t\t\t\t\t\t\t<img decoding=\"async\" width=\"521\" height=\"330\" src=\"https:\/\/digi4wearables.eu\/wp-content\/uploads\/2024\/10\/Picture3.jpg\" class=\"attachment-large size-large wp-image-2674\" alt=\"\" srcset=\"https:\/\/digi4wearables.eu\/wp-content\/uploads\/2024\/10\/Picture3.jpg 521w, https:\/\/digi4wearables.eu\/wp-content\/uploads\/2024\/10\/Picture3-300x190.jpg 300w\" sizes=\"(max-width: 521px) 100vw, 521px\" \/>\t\t\t\t\t\t\t\t\t\t\t\t\t\t\t<\/div>\n\t\t\t\t<\/div>\n\t\t\t\t<\/div>\n\t\t<div class=\"elementor-element elementor-element-0eae011 e-con-full e-flex e-con e-child\" data-id=\"0eae011\" data-element_type=\"container\" data-e-type=\"container\">\n\t\t\t\t<div class=\"elementor-element elementor-element-88d583b elementor-invisible elementor-widget elementor-widget-heading\" data-id=\"88d583b\" data-element_type=\"widget\" data-e-type=\"widget\" data-settings=\"{&quot;_animation&quot;:&quot;fadeInUp&quot;}\" data-widget_type=\"heading.default\">\n\t\t\t\t<div class=\"elementor-widget-container\">\n\t\t\t\t\t<h5 class=\"elementor-heading-title elementor-size-default\">Kurs Modular n\u00eb Inxhinierin\u00eb e Personalizimit t\u00eb K\u00ebpuc\u00ebve<\/h5>\t\t\t\t<\/div>\n\t\t\t\t<\/div>\n\t\t\t\t<div class=\"elementor-element elementor-element-36ba2f6 elementor-invisible elementor-widget elementor-widget-image\" data-id=\"36ba2f6\" data-element_type=\"widget\" data-e-type=\"widget\" data-settings=\"{&quot;_animation&quot;:&quot;fadeInUp&quot;}\" data-widget_type=\"image.default\">\n\t\t\t\t<div class=\"elementor-widget-container\">\n\t\t\t\t\t\t\t\t\t\t\t\t\t\t\t<img loading=\"lazy\" decoding=\"async\" width=\"505\" height=\"332\" src=\"https:\/\/digi4wearables.eu\/wp-content\/uploads\/2024\/10\/Picture4.png\" class=\"attachment-large size-large wp-image-2675\" alt=\"\" srcset=\"https:\/\/digi4wearables.eu\/wp-content\/uploads\/2024\/10\/Picture4.png 505w, https:\/\/digi4wearables.eu\/wp-content\/uploads\/2024\/10\/Picture4-300x197.png 300w\" sizes=\"(max-width: 505px) 100vw, 505px\" \/>\t\t\t\t\t\t\t\t\t\t\t\t\t\t\t<\/div>\n\t\t\t\t<\/div>\n\t\t\t\t<\/div>\n\t\t\t\t\t<\/div>\n\t\t\t\t<\/div>\n\t\t<div class=\"elementor-element elementor-element-4665297 e-flex e-con-boxed e-con e-parent\" data-id=\"4665297\" data-element_type=\"container\" data-e-type=\"container\">\n\t\t\t\t\t<div class=\"e-con-inner\">\n\t\t\t\t<div class=\"elementor-element elementor-element-7878e3e elementor-invisible elementor-widget elementor-widget-text-editor\" data-id=\"7878e3e\" data-element_type=\"widget\" data-e-type=\"widget\" data-settings=\"{&quot;_animation&quot;:&quot;zoomInRight&quot;}\" data-widget_type=\"text-editor.default\">\n\t\t\t\t<div class=\"elementor-widget-container\">\n\t\t\t\t\t\t\t\t\t<p><span style=\"color: #000000;\">K\u00ebto kurse synojn\u00eb nj\u00eb audienc\u00eb t\u00eb gjer\u00eb, duke p\u00ebrfshir\u00eb dizajner\u00ebt, zhvilluesit e produkteve, menaxher\u00ebt, teknik\u00ebt, trajner\u00ebt, student\u00ebt, ofruesit e teknologjis\u00eb dhe pal\u00ebt e tjera t\u00eb interesuara q\u00eb jan\u00eb t\u00eb p\u00ebrfshir\u00eb n\u00eb industrin\u00eb e k\u00ebpuc\u00ebve. Duke p\u00ebrmir\u00ebsuar kompetencat dixhitale, Digi4Wearables ka si q\u00ebllim p\u00ebrmir\u00ebsimin e njohurive dhe aft\u00ebsive t\u00eb punonj\u00ebsve n\u00eb nj\u00eb industri q\u00eb po evoluon shpejt, duke hapur rrug\u00ebn p\u00ebr nj\u00eb prodhim k\u00ebpuc\u00ebsh inovativ dhe me cil\u00ebsi t\u00eb lart\u00eb.<\/span><\/p><p><span style=\"color: #000000;\">\u00a0<\/span><\/p><p><span style=\"color: #000000;\">P\u00ebr m\u00eb shum\u00eb informacion rreth projektit Digi4Wearables dhe p\u00ebr t\u00eb aksesuar kurset, ju lutemi vizitoni faqen e internetit t\u00eb projektit. <a href=\"https:\/\/digi4wearables.eu\/sq\/\">https:\/\/digi4wearables.eu\/<\/a><\/span><\/p><p>\u00a0<\/p><p><span style=\"color: #000000;\">Rreth Digi4Wearables \u2013 Mjete Dixhitale p\u00ebr Produkte t\u00eb Veshshme p\u00ebr Industrin\u00eb e K\u00ebpuc\u00ebve, numri i projektit 101092436 \u2013 \u00ebsht\u00eb nj\u00eb projekt p\u00ebr Nd\u00ebrtoimin e Kapaciteteve n\u00eb kuad\u00ebr t\u00eb Arsimit dhe Trajnimit Profesional, nj\u00eb nism\u00eb e fokusuara n\u00eb zhvillimin e programeve trajnimi n\u00eb prodhimin dixhital p\u00ebr industrin\u00eb e k\u00ebpuc\u00ebve. Projekti ka si q\u00ebllim t\u00eb nxis\u00eb aft\u00ebsit\u00eb dixhitale nd\u00ebr punonj\u00ebsit e industris\u00eb s\u00eb k\u00ebpuc\u00ebve n\u00eb Shqip\u00ebri, duke promovuar p\u00ebrfshirjen dhe inovacionin p\u00ebrmes arsimit t\u00eb aksesuesh\u00ebm dhe t\u00eb orientuar.<\/span><\/p><p><span style=\"color: #000000;\">\u00a0<\/span><\/p><p><span style=\"color: #000000;\">Financuar nga Bashkimi Europian. Megjithat\u00eb, mendimet dhe opinione e shprehura jan\u00eb vet\u00ebm ato t\u00eb autor\u00ebve dhe nuk pasqyrojn\u00eb domosdoshm\u00ebrisht ato t\u00eb Bashkimit Europian ose EACEA. As Bashkimi Europian dhe as autoriteti q\u00eb ka dh\u00ebn\u00eb fondet nuk mund t\u00eb mbajn\u00eb p\u00ebrgjegj\u00ebsi p\u00ebr to.<\/span><\/p>\t\t\t\t\t\t\t\t<\/div>\n\t\t\t\t<\/div>\n\t\t\t\t\t<\/div>\n\t\t\t\t<\/div>\n\t\t\t\t<\/div>","protected":false},"excerpt":{"rendered":"<p>Digi4Wearables EU project launches 4 New Courses to Empower Footwear Industry in Albania &nbsp; The Digi4Wearables initiative, a project dedicated to advancing digital manufacturing skills for the shoe industry, is [&hellip;]<\/p>","protected":false},"author":1,"featured_media":0,"parent":0,"menu_order":0,"comment_status":"closed","ping_status":"closed","template":"tpl-default-elementor.php","meta":{"footnotes":""},"class_list":["post-2705","page","type-page","status-publish","hentry"],"yoast_head":"<!-- This site is optimized with the Yoast SEO Premium plugin v25.1 (Yoast SEO v26.5) - https:\/\/yoast.com\/wordpress\/plugins\/seo\/ -->\n<title>Courses<\/title>\n<meta name=\"robots\" content=\"index, follow, max-snippet:-1, max-image-preview:large, max-video-preview:-1\" \/>\n<link rel=\"canonical\" href=\"https:\/\/digi4wearables.eu\/sq\/courses\/\" \/>\n<meta property=\"og:locale\" content=\"sq_AL\" \/>\n<meta property=\"og:type\" content=\"article\" \/>\n<meta property=\"og:title\" content=\"Courses\" \/>\n<meta property=\"og:description\" content=\"Digi4Wearables EU project launches 4 New Courses to Empower Footwear Industry in Albania &nbsp; The Digi4Wearables initiative, a project dedicated to advancing digital manufacturing skills for the shoe industry, is [&hellip;]\" \/>\n<meta property=\"og:url\" content=\"https:\/\/digi4wearables.eu\/sq\/courses\/\" \/>\n<meta property=\"og:site_name\" content=\"Digi4Wearables\" \/>\n<meta property=\"article:publisher\" content=\"https:\/\/www.facebook.com\/people\/Digi4-Wearables\/61566415940821\/\" \/>\n<meta property=\"article:modified_time\" content=\"2024-10-16T13:37:16+00:00\" \/>\n<meta property=\"og:image\" content=\"https:\/\/digi4wearables.eu\/wp-content\/uploads\/2024\/10\/foto-1.jpg\" \/>\n<meta name=\"twitter:card\" content=\"summary_large_image\" \/>\n<meta name=\"twitter:label1\" content=\"Est. reading time\" \/>\n\t<meta name=\"twitter:data1\" content=\"3 minuta\" \/>\n<script type=\"application\/ld+json\" class=\"yoast-schema-graph\">{\"@context\":\"https:\/\/schema.org\",\"@graph\":[{\"@type\":\"WebPage\",\"@id\":\"https:\/\/digi4wearables.eu\/courses\/\",\"url\":\"https:\/\/digi4wearables.eu\/courses\/\",\"name\":\"Courses\",\"isPartOf\":{\"@id\":\"https:\/\/digi4wearables.eu\/#website\"},\"primaryImageOfPage\":{\"@id\":\"https:\/\/digi4wearables.eu\/courses\/#primaryimage\"},\"image\":{\"@id\":\"https:\/\/digi4wearables.eu\/courses\/#primaryimage\"},\"thumbnailUrl\":\"https:\/\/digi4wearables.eu\/wp-content\/uploads\/2024\/10\/foto-1.jpg\",\"datePublished\":\"2024-10-16T13:19:23+00:00\",\"dateModified\":\"2024-10-16T13:37:16+00:00\",\"breadcrumb\":{\"@id\":\"https:\/\/digi4wearables.eu\/courses\/#breadcrumb\"},\"inLanguage\":\"sq\",\"potentialAction\":[{\"@type\":\"ReadAction\",\"target\":[\"https:\/\/digi4wearables.eu\/courses\/\"]}]},{\"@type\":\"ImageObject\",\"inLanguage\":\"sq\",\"@id\":\"https:\/\/digi4wearables.eu\/courses\/#primaryimage\",\"url\":\"https:\/\/digi4wearables.eu\/wp-content\/uploads\/2024\/10\/foto-1.jpg\",\"contentUrl\":\"https:\/\/digi4wearables.eu\/wp-content\/uploads\/2024\/10\/foto-1.jpg\"},{\"@type\":\"BreadcrumbList\",\"@id\":\"https:\/\/digi4wearables.eu\/courses\/#breadcrumb\",\"itemListElement\":[{\"@type\":\"ListItem\",\"position\":1,\"name\":\"Home\",\"item\":\"https:\/\/digi4wearables.eu\/\"},{\"@type\":\"ListItem\",\"position\":2,\"name\":\"Courses\"}]},{\"@type\":\"WebSite\",\"@id\":\"https:\/\/digi4wearables.eu\/#website\",\"url\":\"https:\/\/digi4wearables.eu\/\",\"name\":\"Digi4Wearables\",\"description\":\"\",\"potentialAction\":[{\"@type\":\"SearchAction\",\"target\":{\"@type\":\"EntryPoint\",\"urlTemplate\":\"https:\/\/digi4wearables.eu\/?s={search_term_string}\"},\"query-input\":{\"@type\":\"PropertyValueSpecification\",\"valueRequired\":true,\"valueName\":\"search_term_string\"}}],\"inLanguage\":\"sq\"}]}<\/script>\n<!-- \/ Yoast SEO Premium plugin. -->","yoast_head_json":{"title":"Kurset","robots":{"index":"index","follow":"follow","max-snippet":"max-snippet:-1","max-image-preview":"max-image-preview:large","max-video-preview":"max-video-preview:-1"},"canonical":"https:\/\/digi4wearables.eu\/sq\/courses\/","og_locale":"sq_AL","og_type":"article","og_title":"Courses","og_description":"Digi4Wearables EU project launches 4 New Courses to Empower Footwear Industry in Albania &nbsp; The Digi4Wearables initiative, a project dedicated to advancing digital manufacturing skills for the shoe industry, is [&hellip;]","og_url":"https:\/\/digi4wearables.eu\/sq\/courses\/","og_site_name":"Digi4Wearables","article_publisher":"https:\/\/www.facebook.com\/people\/Digi4-Wearables\/61566415940821\/","article_modified_time":"2024-10-16T13:37:16+00:00","og_image":[{"url":"https:\/\/digi4wearables.eu\/wp-content\/uploads\/2024\/10\/foto-1.jpg","type":"","width":"","height":""}],"twitter_card":"summary_large_image","twitter_misc":{"Est. reading time":"3 minuta"},"schema":{"@context":"https:\/\/schema.org","@graph":[{"@type":"WebPage","@id":"https:\/\/digi4wearables.eu\/courses\/","url":"https:\/\/digi4wearables.eu\/courses\/","name":"Kurset","isPartOf":{"@id":"https:\/\/digi4wearables.eu\/#website"},"primaryImageOfPage":{"@id":"https:\/\/digi4wearables.eu\/courses\/#primaryimage"},"image":{"@id":"https:\/\/digi4wearables.eu\/courses\/#primaryimage"},"thumbnailUrl":"https:\/\/digi4wearables.eu\/wp-content\/uploads\/2024\/10\/foto-1.jpg","datePublished":"2024-10-16T13:19:23+00:00","dateModified":"2024-10-16T13:37:16+00:00","breadcrumb":{"@id":"https:\/\/digi4wearables.eu\/courses\/#breadcrumb"},"inLanguage":"sq","potentialAction":[{"@type":"ReadAction","target":["https:\/\/digi4wearables.eu\/courses\/"]}]},{"@type":"ImageObject","inLanguage":"sq","@id":"https:\/\/digi4wearables.eu\/courses\/#primaryimage","url":"https:\/\/digi4wearables.eu\/wp-content\/uploads\/2024\/10\/foto-1.jpg","contentUrl":"https:\/\/digi4wearables.eu\/wp-content\/uploads\/2024\/10\/foto-1.jpg"},{"@type":"BreadcrumbList","@id":"https:\/\/digi4wearables.eu\/courses\/#breadcrumb","itemListElement":[{"@type":"ListItem","position":1,"name":"Home","item":"https:\/\/digi4wearables.eu\/"},{"@type":"ListItem","position":2,"name":"Courses"}]},{"@type":"WebSite","@id":"https:\/\/digi4wearables.eu\/#website","url":"https:\/\/digi4wearables.eu\/","name":"Digi4Wearables","description":"","potentialAction":[{"@type":"SearchAction","target":{"@type":"EntryPoint","urlTemplate":"https:\/\/digi4wearables.eu\/?s={search_term_string}"},"query-input":{"@type":"PropertyValueSpecification","valueRequired":true,"valueName":"search_term_string"}}],"inLanguage":"sq"}]}},"_links":{"self":[{"href":"https:\/\/digi4wearables.eu\/sq\/wp-json\/wp\/v2\/pages\/2705","targetHints":{"allow":["GET"]}}],"collection":[{"href":"https:\/\/digi4wearables.eu\/sq\/wp-json\/wp\/v2\/pages"}],"about":[{"href":"https:\/\/digi4wearables.eu\/sq\/wp-json\/wp\/v2\/types\/page"}],"author":[{"embeddable":true,"href":"https:\/\/digi4wearables.eu\/sq\/wp-json\/wp\/v2\/users\/1"}],"replies":[{"embeddable":true,"href":"https:\/\/digi4wearables.eu\/sq\/wp-json\/wp\/v2\/comments?post=2705"}],"version-history":[{"count":34,"href":"https:\/\/digi4wearables.eu\/sq\/wp-json\/wp\/v2\/pages\/2705\/revisions"}],"predecessor-version":[{"id":2743,"href":"https:\/\/digi4wearables.eu\/sq\/wp-json\/wp\/v2\/pages\/2705\/revisions\/2743"}],"wp:attachment":[{"href":"https:\/\/digi4wearables.eu\/sq\/wp-json\/wp\/v2\/media?parent=2705"}],"curies":[{"name":"wp","href":"https:\/\/api.w.org\/{rel}","templated":true}]}}