{"id":2748,"date":"2024-10-30T10:10:15","date_gmt":"2024-10-30T09:10:15","guid":{"rendered":"https:\/\/digi4wearables.eu\/?page_id=2748"},"modified":"2025-07-16T12:28:24","modified_gmt":"2025-07-16T10:28:24","slug":"articles","status":"publish","type":"page","link":"https:\/\/digi4wearables.eu\/sq\/articles\/","title":{"rendered":"Artikujt"},"content":{"rendered":"<div data-elementor-type=\"wp-page\" data-elementor-id=\"2748\" class=\"elementor elementor-2748\" data-elementor-post-type=\"page\">\n\t\t\t\t<div class=\"elementor-element elementor-element-9cdf2fd e-flex e-con-boxed e-con e-parent\" data-id=\"9cdf2fd\" data-element_type=\"container\" data-e-type=\"container\" data-settings=\"{&quot;background_background&quot;:&quot;classic&quot;}\">\n\t\t\t\t\t<div class=\"e-con-inner\">\n\t\t\t\t<div class=\"elementor-element elementor-element-84bf2cd elementor-widget elementor-widget-whitehall_blog_v2\" data-id=\"84bf2cd\" data-element_type=\"widget\" data-e-type=\"widget\" data-widget_type=\"whitehall_blog_v2.default\">\n\t\t\t\t<div class=\"elementor-widget-container\">\n\t\t\t\t\t        \n\t\t<!-- news-style-two -->\n        <section class=\"news-style-two sec-pad pb-140\">\n            <div class=\"pattern-layer\" style=\"background-image: url();\"><\/div>\n            <div class=\"auto-container\">\n                <div class=\"sec-title centred\">\n                    \t\t\t\t\t\n\t\t\t\t\t                <\/div>\n                <div class=\"row clearfix\">\n                                        <div class=\"col-lg-4 col-md-6 col-sm-12 news-block\">\n                        <div class=\"news-block-two wow fadeInUp animated animated\" data-wow-delay=\"400ms\" data-wow-duration=\"1500ms\">\n                            <div class=\"inner-box\">\n                                <figure class=\"image-box\"><img fetchpriority=\"high\" decoding=\"async\" width=\"370\" height=\"455\" src=\"https:\/\/digi4wearables.eu\/wp-content\/uploads\/2025\/05\/artikull-foto-1-370x455.jpeg\" class=\"attachment-whitehall_370x455 size-whitehall_370x455 wp-post-image\" alt=\"\" \/><\/figure>\n                                <div class=\"content-box\">\n                                    <div class=\"category\"><a href=\"javascript:;\"><i class=\"flaticon-star\"><\/i>Artikujt<\/a><\/div>\n                                    <div class=\"text\">\n                                        <div class=\"post-date\"><h3>28<span>Mar\u201925<\/span><\/h3><\/div>\n                                        <h4><a href=\"https:\/\/digi4wearables.eu\/sq\/2025\/03\/28\/digi4wearables-dhe-digjitalizimi-nje-hap-drejt-prodhimit-te-qendrueshem-te-kepuceve\/\">DIGI4WEARABLES dhe digjitalizimi: Nj\u00eb hap drejt prodhimit t\u00eb q\u00ebndruesh\u00ebm t\u00eb k\u00ebpuc\u00ebve<\/a><\/h4>\n                                        <ul class=\"post-info clearfix\">\n                                            <li><i class=\"far fa-user\"><\/i><a href=\"https:\/\/digi4wearables.eu\/sq\/author\/admin\/\">admin<\/a><\/li>\n                                            <li><i class=\"far fa-comment\"><\/i><a href=\"https:\/\/digi4wearables.eu\/sq\/2025\/03\/28\/digi4wearables-dhe-digjitalizimi-nje-hap-drejt-prodhimit-te-qendrueshem-te-kepuceve\/#comments\">0 Comments<\/a><\/li>\n                                        <\/ul>\n                                    <\/div>\n                                <\/div>\n                            <\/div>\n                        <\/div>\n                    <\/div>\n                                        <div class=\"col-lg-4 col-md-6 col-sm-12 news-block\">\n                        <div class=\"news-block-two wow fadeInUp animated animated\" data-wow-delay=\"400ms\" data-wow-duration=\"1500ms\">\n                            <div class=\"inner-box\">\n                                <figure class=\"image-box\"><img decoding=\"async\" width=\"370\" height=\"455\" src=\"https:\/\/digi4wearables.eu\/wp-content\/uploads\/2025\/05\/article-foto-2-370x455.jpeg\" class=\"attachment-whitehall_370x455 size-whitehall_370x455 wp-post-image\" alt=\"\" \/><\/figure>\n                                <div class=\"content-box\">\n                                    <div class=\"category\"><a href=\"javascript:;\"><i class=\"flaticon-star\"><\/i>Artikujt<\/a><\/div>\n                                    <div class=\"text\">\n                                        <div class=\"post-date\"><h3>07<span>N\u00ebn\u201924<\/span><\/h3><\/div>\n                                        <h4><a href=\"https:\/\/digi4wearables.eu\/sq\/2024\/11\/07\/learning-needs-relevant-to-the-footwear-industry-inthe-digi4wearables-consortium-countries-preliminaryresults-of-the-european-project-digi4wearables\/\">LEARNING NEEDS RELEVANT TO THE FOOTWEAR INDUSTRY INTHE DIGI4WEARABLES CONSORTIUM COUNTRIES\u2013 PRELIMINARYRESULTS OF THE EUROPEAN PROJECT DIGI4WEARABLES<\/a><\/h4>\n                                        <ul class=\"post-info clearfix\">\n                                            <li><i class=\"far fa-user\"><\/i><a href=\"https:\/\/digi4wearables.eu\/sq\/author\/admin\/\">admin<\/a><\/li>\n                                            <li><i class=\"far fa-comment\"><\/i><a href=\"https:\/\/digi4wearables.eu\/sq\/2024\/11\/07\/learning-needs-relevant-to-the-footwear-industry-inthe-digi4wearables-consortium-countries-preliminaryresults-of-the-european-project-digi4wearables\/#comments\">0 Comments<\/a><\/li>\n                                        <\/ul>\n                                    <\/div>\n                                <\/div>\n                            <\/div>\n                        <\/div>\n                    <\/div>\n                                        <div class=\"col-lg-4 col-md-6 col-sm-12 news-block\">\n                        <div class=\"news-block-two wow fadeInUp animated animated\" data-wow-delay=\"400ms\" data-wow-duration=\"1500ms\">\n                            <div class=\"inner-box\">\n                                <figure class=\"image-box\"><img decoding=\"async\" width=\"370\" height=\"455\" src=\"https:\/\/digi4wearables.eu\/wp-content\/uploads\/2021\/05\/wf20242810155p-370x455.jpg\" class=\"attachment-whitehall_370x455 size-whitehall_370x455 wp-post-image\" alt=\"\" \/><\/figure>\n                                <div class=\"content-box\">\n                                    <div class=\"category\"><a href=\"javascript:;\"><i class=\"flaticon-star\"><\/i>Artikujt<\/a><\/div>\n                                    <div class=\"text\">\n                                        <div class=\"post-date\"><h3>29<span>Tet\u201924<\/span><\/h3><\/div>\n                                        <h4><a href=\"https:\/\/digi4wearables.eu\/sq\/2024\/10\/29\/mayor-invites-medical-experts-to-discuss-about-covid\/\">CTCP coordinates project to support the digitalisation of the Albanian footwear industry<\/a><\/h4>\n                                        <ul class=\"post-info clearfix\">\n                                            <li><i class=\"far fa-user\"><\/i><a href=\"https:\/\/digi4wearables.eu\/sq\/author\/admin\/\">admin<\/a><\/li>\n                                            <li><i class=\"far fa-comment\"><\/i><a href=\"https:\/\/digi4wearables.eu\/sq\/2024\/10\/29\/mayor-invites-medical-experts-to-discuss-about-covid\/#comments\">0 Comments<\/a><\/li>\n                                        <\/ul>\n                                    <\/div>\n                                <\/div>\n                            <\/div>\n                        <\/div>\n                    <\/div>\n                                        <div class=\"col-lg-4 col-md-6 col-sm-12 news-block\">\n                        <div class=\"news-block-two wow fadeInUp animated animated\" data-wow-delay=\"400ms\" data-wow-duration=\"1500ms\">\n                            <div class=\"inner-box\">\n                                <figure class=\"image-box\"><img loading=\"lazy\" decoding=\"async\" width=\"370\" height=\"455\" src=\"https:\/\/digi4wearables.eu\/wp-content\/uploads\/2025\/07\/post-i-ri-370x455.png\" class=\"attachment-whitehall_370x455 size-whitehall_370x455 wp-post-image\" alt=\"\" \/><\/figure>\n                                <div class=\"content-box\">\n                                    <div class=\"category\"><a href=\"javascript:;\"><i class=\"flaticon-star\"><\/i>Artikujt<\/a><\/div>\n                                    <div class=\"text\">\n                                        <div class=\"post-date\"><h3>16<span>Tet\u201924<\/span><\/h3><\/div>\n                                        <h4><a href=\"https:\/\/digi4wearables.eu\/sq\/2024\/10\/16\/design-engineering-in-the-footwear-industry\/\">DESIGN ENGINEERING IN THE FOOTWEAR INDUSTRY<\/a><\/h4>\n                                        <ul class=\"post-info clearfix\">\n                                            <li><i class=\"far fa-user\"><\/i><a href=\"https:\/\/digi4wearables.eu\/sq\/author\/admin\/\">admin<\/a><\/li>\n                                            <li><i class=\"far fa-comment\"><\/i><a href=\"https:\/\/digi4wearables.eu\/sq\/2024\/10\/16\/design-engineering-in-the-footwear-industry\/#comments\">0 Comments<\/a><\/li>\n                                        <\/ul>\n                                    <\/div>\n                                <\/div>\n                            <\/div>\n                        <\/div>\n                    <\/div>\n                                    <\/div>\n            <\/div>\n        <\/section>\n        <!-- news-style-two end -->\n\n        \t\t\t\t<\/div>\n\t\t\t\t<\/div>\n\t\t\t\t\t<\/div>\n\t\t\t\t<\/div>\n\t\t\t\t<\/div>","protected":false},"excerpt":{"rendered":"<p>Articles 28Mar\u201925 DIGI4WEARABLES dhe digjitalizimi: Nj\u00eb hap drejt prodhimit t\u00eb q\u00ebndruesh\u00ebm t\u00eb k\u00ebpuc\u00ebve admin 0 Comments Articles 07Nov\u201924 LEARNING NEEDS RELEVANT TO THE FOOTWEAR INDUSTRY INTHE DIGI4WEARABLES CONSORTIUM COUNTRIES\u2013 PRELIMINARYRESULTS [&hellip;]<\/p>","protected":false},"author":1,"featured_media":2749,"parent":0,"menu_order":0,"comment_status":"closed","ping_status":"closed","template":"tpl-default-elementor.php","meta":{"footnotes":""},"class_list":["post-2748","page","type-page","status-publish","has-post-thumbnail","hentry"],"yoast_head":"<!-- This site is optimized with the Yoast SEO Premium plugin v25.1 (Yoast SEO v26.5) - https:\/\/yoast.com\/wordpress\/plugins\/seo\/ -->\n<title>Articles<\/title>\n<meta name=\"robots\" content=\"index, follow, max-snippet:-1, max-image-preview:large, max-video-preview:-1\" \/>\n<link rel=\"canonical\" href=\"https:\/\/digi4wearables.eu\/sq\/articles\/\" \/>\n<meta property=\"og:locale\" content=\"sq_AL\" \/>\n<meta property=\"og:type\" content=\"article\" \/>\n<meta property=\"og:title\" content=\"Articles\" \/>\n<meta property=\"og:description\" content=\"Articles 28Mar\u201925 DIGI4WEARABLES dhe digjitalizimi: Nj\u00eb hap drejt prodhimit t\u00eb q\u00ebndruesh\u00ebm t\u00eb k\u00ebpuc\u00ebve admin 0 Comments Articles 07Nov\u201924 LEARNING NEEDS RELEVANT TO THE FOOTWEAR INDUSTRY INTHE DIGI4WEARABLES CONSORTIUM COUNTRIES\u2013 PRELIMINARYRESULTS [&hellip;]\" \/>\n<meta property=\"og:url\" content=\"https:\/\/digi4wearables.eu\/sq\/articles\/\" \/>\n<meta property=\"og:site_name\" content=\"Digi4Wearables\" \/>\n<meta property=\"article:publisher\" content=\"https:\/\/www.facebook.com\/people\/Digi4-Wearables\/61566415940821\/\" \/>\n<meta property=\"article:modified_time\" content=\"2025-07-16T10:28:24+00:00\" \/>\n<meta property=\"og:image\" content=\"https:\/\/digi4wearables.eu\/wp-content\/uploads\/2024\/10\/watching-news-on-screen-reading-260nw-2148891741.webp\" \/>\n\t<meta property=\"og:image:width\" content=\"781\" \/>\n\t<meta property=\"og:image:height\" content=\"280\" \/>\n\t<meta property=\"og:image:type\" content=\"image\/webp\" \/>\n<meta name=\"twitter:card\" content=\"summary_large_image\" \/>\n<meta name=\"twitter:label1\" content=\"Est. reading time\" \/>\n\t<meta name=\"twitter:data1\" content=\"2 minuta\" \/>\n<script type=\"application\/ld+json\" class=\"yoast-schema-graph\">{\"@context\":\"https:\/\/schema.org\",\"@graph\":[{\"@type\":\"WebPage\",\"@id\":\"https:\/\/digi4wearables.eu\/articles\/\",\"url\":\"https:\/\/digi4wearables.eu\/articles\/\",\"name\":\"Articles\",\"isPartOf\":{\"@id\":\"https:\/\/digi4wearables.eu\/#website\"},\"primaryImageOfPage\":{\"@id\":\"https:\/\/digi4wearables.eu\/articles\/#primaryimage\"},\"image\":{\"@id\":\"https:\/\/digi4wearables.eu\/articles\/#primaryimage\"},\"thumbnailUrl\":\"https:\/\/digi4wearables.eu\/wp-content\/uploads\/2024\/10\/watching-news-on-screen-reading-260nw-2148891741.webp\",\"datePublished\":\"2024-10-30T09:10:15+00:00\",\"dateModified\":\"2025-07-16T10:28:24+00:00\",\"breadcrumb\":{\"@id\":\"https:\/\/digi4wearables.eu\/articles\/#breadcrumb\"},\"inLanguage\":\"sq\",\"potentialAction\":[{\"@type\":\"ReadAction\",\"target\":[\"https:\/\/digi4wearables.eu\/articles\/\"]}]},{\"@type\":\"ImageObject\",\"inLanguage\":\"sq\",\"@id\":\"https:\/\/digi4wearables.eu\/articles\/#primaryimage\",\"url\":\"https:\/\/digi4wearables.eu\/wp-content\/uploads\/2024\/10\/watching-news-on-screen-reading-260nw-2148891741.webp\",\"contentUrl\":\"https:\/\/digi4wearables.eu\/wp-content\/uploads\/2024\/10\/watching-news-on-screen-reading-260nw-2148891741.webp\",\"width\":781,\"height\":280},{\"@type\":\"BreadcrumbList\",\"@id\":\"https:\/\/digi4wearables.eu\/articles\/#breadcrumb\",\"itemListElement\":[{\"@type\":\"ListItem\",\"position\":1,\"name\":\"Home\",\"item\":\"https:\/\/digi4wearables.eu\/\"},{\"@type\":\"ListItem\",\"position\":2,\"name\":\"Articles\"}]},{\"@type\":\"WebSite\",\"@id\":\"https:\/\/digi4wearables.eu\/#website\",\"url\":\"https:\/\/digi4wearables.eu\/\",\"name\":\"Digi4Wearables\",\"description\":\"\",\"potentialAction\":[{\"@type\":\"SearchAction\",\"target\":{\"@type\":\"EntryPoint\",\"urlTemplate\":\"https:\/\/digi4wearables.eu\/?s={search_term_string}\"},\"query-input\":{\"@type\":\"PropertyValueSpecification\",\"valueRequired\":true,\"valueName\":\"search_term_string\"}}],\"inLanguage\":\"sq\"}]}<\/script>\n<!-- \/ Yoast SEO Premium plugin. -->","yoast_head_json":{"title":"Artikujt","robots":{"index":"index","follow":"follow","max-snippet":"max-snippet:-1","max-image-preview":"max-image-preview:large","max-video-preview":"max-video-preview:-1"},"canonical":"https:\/\/digi4wearables.eu\/sq\/articles\/","og_locale":"sq_AL","og_type":"article","og_title":"Articles","og_description":"Articles 28Mar\u201925 DIGI4WEARABLES dhe digjitalizimi: Nj\u00eb hap drejt prodhimit t\u00eb q\u00ebndruesh\u00ebm t\u00eb k\u00ebpuc\u00ebve admin 0 Comments Articles 07Nov\u201924 LEARNING NEEDS RELEVANT TO THE FOOTWEAR INDUSTRY INTHE DIGI4WEARABLES CONSORTIUM COUNTRIES\u2013 PRELIMINARYRESULTS [&hellip;]","og_url":"https:\/\/digi4wearables.eu\/sq\/articles\/","og_site_name":"Digi4Wearables","article_publisher":"https:\/\/www.facebook.com\/people\/Digi4-Wearables\/61566415940821\/","article_modified_time":"2025-07-16T10:28:24+00:00","og_image":[{"width":781,"height":280,"url":"https:\/\/digi4wearables.eu\/wp-content\/uploads\/2024\/10\/watching-news-on-screen-reading-260nw-2148891741.webp","type":"image\/webp"}],"twitter_card":"summary_large_image","twitter_misc":{"Est. reading time":"2 minuta"},"schema":{"@context":"https:\/\/schema.org","@graph":[{"@type":"WebPage","@id":"https:\/\/digi4wearables.eu\/articles\/","url":"https:\/\/digi4wearables.eu\/articles\/","name":"Artikujt","isPartOf":{"@id":"https:\/\/digi4wearables.eu\/#website"},"primaryImageOfPage":{"@id":"https:\/\/digi4wearables.eu\/articles\/#primaryimage"},"image":{"@id":"https:\/\/digi4wearables.eu\/articles\/#primaryimage"},"thumbnailUrl":"https:\/\/digi4wearables.eu\/wp-content\/uploads\/2024\/10\/watching-news-on-screen-reading-260nw-2148891741.webp","datePublished":"2024-10-30T09:10:15+00:00","dateModified":"2025-07-16T10:28:24+00:00","breadcrumb":{"@id":"https:\/\/digi4wearables.eu\/articles\/#breadcrumb"},"inLanguage":"sq","potentialAction":[{"@type":"ReadAction","target":["https:\/\/digi4wearables.eu\/articles\/"]}]},{"@type":"ImageObject","inLanguage":"sq","@id":"https:\/\/digi4wearables.eu\/articles\/#primaryimage","url":"https:\/\/digi4wearables.eu\/wp-content\/uploads\/2024\/10\/watching-news-on-screen-reading-260nw-2148891741.webp","contentUrl":"https:\/\/digi4wearables.eu\/wp-content\/uploads\/2024\/10\/watching-news-on-screen-reading-260nw-2148891741.webp","width":781,"height":280},{"@type":"BreadcrumbList","@id":"https:\/\/digi4wearables.eu\/articles\/#breadcrumb","itemListElement":[{"@type":"ListItem","position":1,"name":"Home","item":"https:\/\/digi4wearables.eu\/"},{"@type":"ListItem","position":2,"name":"Articles"}]},{"@type":"WebSite","@id":"https:\/\/digi4wearables.eu\/#website","url":"https:\/\/digi4wearables.eu\/","name":"Digi4Wearables","description":"","potentialAction":[{"@type":"SearchAction","target":{"@type":"EntryPoint","urlTemplate":"https:\/\/digi4wearables.eu\/?s={search_term_string}"},"query-input":{"@type":"PropertyValueSpecification","valueRequired":true,"valueName":"search_term_string"}}],"inLanguage":"sq"}]}},"_links":{"self":[{"href":"https:\/\/digi4wearables.eu\/sq\/wp-json\/wp\/v2\/pages\/2748","targetHints":{"allow":["GET"]}}],"collection":[{"href":"https:\/\/digi4wearables.eu\/sq\/wp-json\/wp\/v2\/pages"}],"about":[{"href":"https:\/\/digi4wearables.eu\/sq\/wp-json\/wp\/v2\/types\/page"}],"author":[{"embeddable":true,"href":"https:\/\/digi4wearables.eu\/sq\/wp-json\/wp\/v2\/users\/1"}],"replies":[{"embeddable":true,"href":"https:\/\/digi4wearables.eu\/sq\/wp-json\/wp\/v2\/comments?post=2748"}],"version-history":[{"count":37,"href":"https:\/\/digi4wearables.eu\/sq\/wp-json\/wp\/v2\/pages\/2748\/revisions"}],"predecessor-version":[{"id":3559,"href":"https:\/\/digi4wearables.eu\/sq\/wp-json\/wp\/v2\/pages\/2748\/revisions\/3559"}],"wp:featuredmedia":[{"embeddable":true,"href":"https:\/\/digi4wearables.eu\/sq\/wp-json\/wp\/v2\/media\/2749"}],"wp:attachment":[{"href":"https:\/\/digi4wearables.eu\/sq\/wp-json\/wp\/v2\/media?parent=2748"}],"curies":[{"name":"wp","href":"https:\/\/api.w.org\/{rel}","templated":true}]}}