{"id":507,"date":"2021-05-29T18:40:56","date_gmt":"2021-05-29T18:40:56","guid":{"rendered":"http:\/\/fastwpdemo.com\/newwp\/whitehall\/?page_id=507"},"modified":"2024-03-04T16:45:56","modified_gmt":"2024-03-04T14:45:56","slug":"challenges","status":"publish","type":"page","link":"https:\/\/digi4wearables.eu\/sq\/challenges\/","title":{"rendered":"Sfidat"},"content":{"rendered":"<div data-elementor-type=\"wp-page\" data-elementor-id=\"507\" class=\"elementor elementor-507\" data-elementor-post-type=\"page\">\n\t\t\t\t\t\t<section class=\"elementor-section elementor-top-section elementor-element elementor-element-8ffdff9 elementor-section-full_width elementor-section-height-default elementor-section-height-default\" data-id=\"8ffdff9\" data-element_type=\"section\" data-e-type=\"section\">\n\t\t\t\t\t\t<div class=\"elementor-container elementor-column-gap-default\">\n\t\t\t\t\t<div class=\"elementor-column elementor-col-100 elementor-top-column elementor-element elementor-element-b55558f\" data-id=\"b55558f\" data-element_type=\"column\" data-e-type=\"column\">\n\t\t\t<div class=\"elementor-widget-wrap elementor-element-populated\">\n\t\t\t\t\t\t<div class=\"elementor-element elementor-element-744e134 elementor-widget elementor-widget-whitehall_history\" data-id=\"744e134\" data-element_type=\"widget\" data-e-type=\"widget\" data-widget_type=\"whitehall_history.default\">\n\t\t\t\t<div class=\"elementor-widget-container\">\n\t\t\t\t\t        \n        <!-- history-section -->\n        <section class=\"history-section\">\n            <figure class=\"image-layer\"><img decoding=\"async\" src=\"https:\/\/digi4wearables.eu\/wp-content\/uploads\/2024\/03\/01-edit-min-removebg-preview.png\" alt=\"Awesome Image\"><\/figure>\n            <div class=\"auto-container\">\n                <div class=\"row clearfix\">\n                    <div class=\"col-lg-4 col-md-12 col-sm-12 title-column\">\n                        <div class=\"sec-title\">\n\t\t\t\t\t\t\t\t\t\t\t\t\t\t<h6><i class=\"flaticon-star\"><\/i><span>Rreth<\/span><\/h6>\n\t\t\t\t\t\t\t\n\t\t\t\t\t\t\t\t\t\t\t\t\t\t<h2>Sfidave<\/h2>\n\t\t\t\t\t\t\t<div class=\"title-shape\"><\/div>\n\t\t\t\t\t\t\t\t\t\t\t\t\t\t\n                            <p>Zhvillimi dhe Modernizimi i Kurikul\u00ebs: Puno me ekspert\u00eb t\u00eb industris\u00eb p\u00ebr t\u00eb p\u00ebrdit\u00ebsuar dhe p\u00ebrshtatur kurikul\u00ebn e VET p\u00ebr t\u2019u p\u00ebrputhur me nevojat aktuale t\u00eb industris\u00eb, trendet dhe novacionet teknologjike n\u00eb prodhimin e k\u00ebpuc\u00ebve.<\/p>\n                        <\/div>\n                    <\/div>\n                    <div class=\"col-lg-8 col-md-12 col-sm-12 inner-column\">\n                        <div class=\"inner-box\">\n                                                        <div class=\"single-item style-one\">\n                                <figure class=\"image-box\"><img decoding=\"async\" src=\"https:\/\/digi4wearables.eu\/wp-content\/uploads\/2024\/03\/01-foto.png\" alt=\"Awesome Image\"><\/figure>\n                                <div class=\"text\">\n                                    <span><\/span>\n                                    <h6><\/h6>\n                                    <h4>Trajnimi i trajner\u00ebve<\/h4>\n                                    <p>Trajnim i vazhduesh\u00ebm dhe mund\u00ebsi zhvillimi profesional p\u00ebr trajner\u00ebt e VET p\u00ebr t\u00eb p\u00ebrmir\u00ebsuar aft\u00ebsit\u00eb, njohurit\u00eb dhe ekspertiz\u00ebn e tyre n\u00eb teknikat dhe teknologjit\u00eb e prodhimit t\u00eb k\u00ebpuc\u00ebve. <\/p>\n                                <\/div>\n                            <\/div>\n\t\t\t\t\t\t\t                            <div class=\"single-item style-two text-right\">\n                                <figure class=\"image-box\"><img decoding=\"async\" src=\"https:\/\/digi4wearables.eu\/wp-content\/uploads\/2024\/03\/02.png\" alt=\"Awesome Image\"><\/figure>\n                                <div class=\"text\">\n                                    <span><\/span>\n                                    <h6><\/h6>\n                                    <h4>Programet e Praktik\u00ebs dhe Stazhit<\/h4>\n                                    <p>Krijimi i programeve t\u00eb praktik\u00ebs dhe stazhit n\u00eb bashk\u00ebpunim me kompanit\u00eb e k\u00ebpuc\u00ebve p\u00ebr t\u2019u ofruar student\u00ebve mund\u00ebsi p\u00ebr eksperienc\u00eb praktike dhe njohje me proceset dhe praktikat e v\u00ebrteta t\u00eb prodhimit.<\/p>\n                                <\/div>\n                            <\/div>\n\t\t\t\t\t\t\t                            <div class=\"single-item style-one\">\n                                <figure class=\"image-box\"><img decoding=\"async\" src=\"https:\/\/digi4wearables.eu\/wp-content\/uploads\/2024\/03\/03.png\" alt=\"Awesome Image\"><\/figure>\n                                <div class=\"text\">\n                                    <span><\/span>\n                                    <h6><\/h6>\n                                    <h4>Modernizimi i Infrastruktur\u00ebs dhe Mjediseve<\/h4>\n                                    <p>Investimi n\u00eb p\u00ebrmir\u00ebsimin e institucioneve arsimore me pajisje, mjete dhe ambiente moderne t\u00eb nevojshme p\u00ebr t\u00eb m\u00ebsuar dhe praktikuar aft\u00ebsit\u00eb e prodhimit t\u00eb k\u00ebpuc\u00ebve n\u00eb m\u00ebnyr\u00eb efektive.<\/p>\n                                <\/div>\n                            <\/div>\n\t\t\t\t\t\t\t                            <div class=\"single-item style-two text-right\">\n                                <figure class=\"image-box\"><img decoding=\"async\" src=\"https:\/\/digi4wearables.eu\/wp-content\/uploads\/2024\/03\/04.png\" alt=\"Awesome Image\"><\/figure>\n                                <div class=\"text\">\n                                    <span><\/span>\n                                    <h6><\/h6>\n                                    <h4>Promovimi i Sip\u00ebrmarrjes dhe Inovacionit<\/h4>\n                                    <p>Mb\u00ebshtetje p\u00ebr sip\u00ebrmarr\u00ebsit e ardhsh\u00ebm n\u00eb industrin\u00eb e k\u00ebpuc\u00ebve, duke p\u00ebrfshir\u00eb aksesin n\u00eb financim, mentorim dhe programe inkubimi biznesi p\u00ebr t\u00eb inkurajuar inovacionin dhe krijimin e bizneseve t\u00eb vogla t\u00eb prodhimit t\u00eb k\u00ebpuc\u00ebve.<\/p>\n                                <\/div>\n                            <\/div>\n\t\t\t\t\t\t\t                            <div class=\"single-item style-one\">\n                                <figure class=\"image-box\"><img decoding=\"async\" src=\"https:\/\/digi4wearables.eu\/wp-content\/uploads\/2024\/03\/05.png\" alt=\"Awesome Image\"><\/figure>\n                                <div class=\"text\">\n                                    <span><\/span>\n                                    <h6><\/h6>\n                                    <h4>Promovimi i Sip\u00ebrmarrjes dhe Inovacionit<\/h4>\n                                    <p>Mb\u00ebshtetje p\u00ebr sip\u00ebrmarr\u00ebsit e ardhsh\u00ebm n\u00eb industrin\u00eb e k\u00ebpuc\u00ebve, duke p\u00ebrfshir\u00eb aksesin n\u00eb financim, mentorim dhe programe inkubimi biznesi p\u00ebr t\u00eb inkurajuar inovacionin dhe krijimin e bizneseve t\u00eb vogla t\u00eb prodhimit t\u00eb k\u00ebpuc\u00ebve.<\/p>\n                                <\/div>\n                            <\/div>\n\t\t\t\t\t\t\t                            <div class=\"single-item style-two text-right\">\n                                <figure class=\"image-box\"><img decoding=\"async\" src=\"https:\/\/digi4wearables.eu\/wp-content\/uploads\/2024\/03\/06.png\" alt=\"Awesome Image\"><\/figure>\n                                <div class=\"text\">\n                                    <span><\/span>\n                                    <h6><\/h6>\n                                    <h4>Sigurimi i Cil\u00ebsis\u00eb dhe Certifikimi<\/h4>\n                                    <p>Zbatimi i mekanizmave t\u00eb sigurimit t\u00eb cil\u00ebsis\u00eb dhe programeve t\u00eb certifikimit p\u00ebr t\u00eb siguruar q\u00eb t\u00eb diplomuarit plot\u00ebsojn\u00eb standardet e industris\u00eb dhe jan\u00eb t\u00eb pajisur me aft\u00ebsit\u00eb dhe kompetencat e nevojshme p\u00ebr pun\u00ebsim n\u00eb sektorin e k\u00ebpuc\u00ebve.<\/p>\n                                <\/div>\n                            <\/div>\n\t\t\t\t\t\t\t                            <div class=\"single-item style-one\">\n                                <figure class=\"image-box\"><img decoding=\"async\" src=\"https:\/\/digi4wearables.eu\/wp-content\/uploads\/2024\/03\/07.png\" alt=\"Awesome Image\"><\/figure>\n                                <div class=\"text\">\n                                    <span><\/span>\n                                    <h6><\/h6>\n                                    <h4>Integrimi i Teknologjive Digjitale<\/h4>\n                                    <p>Inkorporimi i teknologjive digjitale dhe platformave e-learning n\u00eb programet VET p\u00ebr t\u00eb p\u00ebrmir\u00ebsuar p\u00ebrvojat e m\u00ebsimdh\u00ebnies dhe t\u00eb m\u00ebsuarit, p\u00ebr t\u00eb ofruar akses n\u00eb burime dhe mjete online, dhe p\u00ebr t\u00eb p\u00ebrgatitur student\u00ebt p\u00ebr fuqin\u00eb pun\u00ebtore t\u00eb dixhitalizuar.<\/p>\n                                <\/div>\n                            <\/div>\n\t\t\t\t\t\t\t                            <div class=\"single-item style-two text-right\">\n                                <figure class=\"image-box\"><img decoding=\"async\" src=\"https:\/\/digi4wearables.eu\/wp-content\/uploads\/2024\/03\/08.png\" alt=\"Awesome Image\"><\/figure>\n                                <div class=\"text\">\n                                    <span><\/span>\n                                    <h6><\/h6>\n                                    <h4>Forcimi i Bashk\u00ebpunimit <\/h4>\n                                    <p>Partneritete t\u00eb forta mes institucioneve VET dhe pal\u00ebve t\u00eb interesuara n\u00eb industrin\u00eb e k\u00ebpuc\u00ebve, duke p\u00ebrfshir\u00eb prodhuesit, furnizuesit dhe shit\u00ebsit, p\u00ebr t\u00eb siguruar q\u00eb programet e trajnimit p\u00ebrmbushin standardet e industris\u00eb dhe p\u00ebrballojn\u00eb nevojat e fuqis\u00eb pun\u00ebtore.<\/p>\n                                <\/div>\n                            <\/div>\n\t\t\t\t\t\t\t                        <\/div>\n                    <\/div>\n                <\/div>\n            <\/div>\n        <\/section>\n        <!-- history-section -->\n\n        \t\t\t\t<\/div>\n\t\t\t\t<\/div>\n\t\t\t\t\t<\/div>\n\t\t<\/div>\n\t\t\t\t\t<\/div>\n\t\t<\/section>\n\t\t\t\t<\/div>","protected":false},"excerpt":{"rendered":"<p>About Our CHALLENGES Curriculum Development and Modernization: Work with industry experts to update and tailor VET curriculum to align with current industry needs, trends, and technological innovation in footwear manufacturing. [&hellip;]<\/p>","protected":false},"author":1,"featured_media":0,"parent":0,"menu_order":0,"comment_status":"closed","ping_status":"closed","template":"tpl-default-elementor.php","meta":{"footnotes":""},"class_list":["post-507","page","type-page","status-publish","hentry"],"yoast_head":"<!-- This site is optimized with the Yoast SEO Premium plugin v25.1 (Yoast SEO v26.5) - https:\/\/yoast.com\/wordpress\/plugins\/seo\/ -->\n<title>Challenges<\/title>\n<meta name=\"robots\" content=\"index, follow, max-snippet:-1, max-image-preview:large, max-video-preview:-1\" \/>\n<link rel=\"canonical\" href=\"https:\/\/digi4wearables.eu\/sq\/challenges\/\" \/>\n<meta property=\"og:locale\" content=\"sq_AL\" \/>\n<meta property=\"og:type\" content=\"article\" \/>\n<meta property=\"og:title\" content=\"Challenges\" \/>\n<meta property=\"og:description\" content=\"About Our CHALLENGES Curriculum Development and Modernization: Work with industry experts to update and tailor VET curriculum to align with current industry needs, trends, and technological innovation in footwear manufacturing. [&hellip;]\" \/>\n<meta property=\"og:url\" content=\"https:\/\/digi4wearables.eu\/sq\/challenges\/\" \/>\n<meta property=\"og:site_name\" content=\"Digi4Wearables\" \/>\n<meta property=\"article:publisher\" content=\"https:\/\/www.facebook.com\/people\/Digi4-Wearables\/61566415940821\/\" \/>\n<meta property=\"article:modified_time\" content=\"2024-03-04T14:45:56+00:00\" \/>\n<meta property=\"og:image\" content=\"https:\/\/digi4wearables.eu\/wp-content\/uploads\/2024\/03\/01-edit-min-removebg-preview.png\" \/>\n<meta name=\"twitter:card\" content=\"summary_large_image\" \/>\n<meta name=\"twitter:label1\" content=\"Est. reading time\" \/>\n\t<meta name=\"twitter:data1\" content=\"1 minut\u00eb\" \/>\n<script type=\"application\/ld+json\" class=\"yoast-schema-graph\">{\"@context\":\"https:\/\/schema.org\",\"@graph\":[{\"@type\":\"WebPage\",\"@id\":\"https:\/\/digi4wearables.eu\/challenges\/\",\"url\":\"https:\/\/digi4wearables.eu\/challenges\/\",\"name\":\"Challenges\",\"isPartOf\":{\"@id\":\"https:\/\/digi4wearables.eu\/#website\"},\"primaryImageOfPage\":{\"@id\":\"https:\/\/digi4wearables.eu\/challenges\/#primaryimage\"},\"image\":{\"@id\":\"https:\/\/digi4wearables.eu\/challenges\/#primaryimage\"},\"thumbnailUrl\":\"https:\/\/digi4wearables.eu\/wp-content\/uploads\/2024\/03\/01-edit-min-removebg-preview.png\",\"datePublished\":\"2021-05-29T18:40:56+00:00\",\"dateModified\":\"2024-03-04T14:45:56+00:00\",\"breadcrumb\":{\"@id\":\"https:\/\/digi4wearables.eu\/challenges\/#breadcrumb\"},\"inLanguage\":\"sq\",\"potentialAction\":[{\"@type\":\"ReadAction\",\"target\":[\"https:\/\/digi4wearables.eu\/challenges\/\"]}]},{\"@type\":\"ImageObject\",\"inLanguage\":\"sq\",\"@id\":\"https:\/\/digi4wearables.eu\/challenges\/#primaryimage\",\"url\":\"https:\/\/digi4wearables.eu\/wp-content\/uploads\/2024\/03\/01-edit-min-removebg-preview.png\",\"contentUrl\":\"https:\/\/digi4wearables.eu\/wp-content\/uploads\/2024\/03\/01-edit-min-removebg-preview.png\"},{\"@type\":\"BreadcrumbList\",\"@id\":\"https:\/\/digi4wearables.eu\/challenges\/#breadcrumb\",\"itemListElement\":[{\"@type\":\"ListItem\",\"position\":1,\"name\":\"Home\",\"item\":\"https:\/\/digi4wearables.eu\/\"},{\"@type\":\"ListItem\",\"position\":2,\"name\":\"Challenges\"}]},{\"@type\":\"WebSite\",\"@id\":\"https:\/\/digi4wearables.eu\/#website\",\"url\":\"https:\/\/digi4wearables.eu\/\",\"name\":\"Digi4Wearables\",\"description\":\"\",\"potentialAction\":[{\"@type\":\"SearchAction\",\"target\":{\"@type\":\"EntryPoint\",\"urlTemplate\":\"https:\/\/digi4wearables.eu\/?s={search_term_string}\"},\"query-input\":{\"@type\":\"PropertyValueSpecification\",\"valueRequired\":true,\"valueName\":\"search_term_string\"}}],\"inLanguage\":\"sq\"}]}<\/script>\n<!-- \/ Yoast SEO Premium plugin. -->","yoast_head_json":{"title":"Sfidat","robots":{"index":"index","follow":"follow","max-snippet":"max-snippet:-1","max-image-preview":"max-image-preview:large","max-video-preview":"max-video-preview:-1"},"canonical":"https:\/\/digi4wearables.eu\/sq\/challenges\/","og_locale":"sq_AL","og_type":"article","og_title":"Challenges","og_description":"About Our CHALLENGES Curriculum Development and Modernization: Work with industry experts to update and tailor VET curriculum to align with current industry needs, trends, and technological innovation in footwear manufacturing. [&hellip;]","og_url":"https:\/\/digi4wearables.eu\/sq\/challenges\/","og_site_name":"Digi4Wearables","article_publisher":"https:\/\/www.facebook.com\/people\/Digi4-Wearables\/61566415940821\/","article_modified_time":"2024-03-04T14:45:56+00:00","og_image":[{"url":"https:\/\/digi4wearables.eu\/wp-content\/uploads\/2024\/03\/01-edit-min-removebg-preview.png","type":"","width":"","height":""}],"twitter_card":"summary_large_image","twitter_misc":{"Est. reading time":"1 minut\u00eb"},"schema":{"@context":"https:\/\/schema.org","@graph":[{"@type":"WebPage","@id":"https:\/\/digi4wearables.eu\/challenges\/","url":"https:\/\/digi4wearables.eu\/challenges\/","name":"Sfidat","isPartOf":{"@id":"https:\/\/digi4wearables.eu\/#website"},"primaryImageOfPage":{"@id":"https:\/\/digi4wearables.eu\/challenges\/#primaryimage"},"image":{"@id":"https:\/\/digi4wearables.eu\/challenges\/#primaryimage"},"thumbnailUrl":"https:\/\/digi4wearables.eu\/wp-content\/uploads\/2024\/03\/01-edit-min-removebg-preview.png","datePublished":"2021-05-29T18:40:56+00:00","dateModified":"2024-03-04T14:45:56+00:00","breadcrumb":{"@id":"https:\/\/digi4wearables.eu\/challenges\/#breadcrumb"},"inLanguage":"sq","potentialAction":[{"@type":"ReadAction","target":["https:\/\/digi4wearables.eu\/challenges\/"]}]},{"@type":"ImageObject","inLanguage":"sq","@id":"https:\/\/digi4wearables.eu\/challenges\/#primaryimage","url":"https:\/\/digi4wearables.eu\/wp-content\/uploads\/2024\/03\/01-edit-min-removebg-preview.png","contentUrl":"https:\/\/digi4wearables.eu\/wp-content\/uploads\/2024\/03\/01-edit-min-removebg-preview.png"},{"@type":"BreadcrumbList","@id":"https:\/\/digi4wearables.eu\/challenges\/#breadcrumb","itemListElement":[{"@type":"ListItem","position":1,"name":"Home","item":"https:\/\/digi4wearables.eu\/"},{"@type":"ListItem","position":2,"name":"Challenges"}]},{"@type":"WebSite","@id":"https:\/\/digi4wearables.eu\/#website","url":"https:\/\/digi4wearables.eu\/","name":"Digi4Wearables","description":"","potentialAction":[{"@type":"SearchAction","target":{"@type":"EntryPoint","urlTemplate":"https:\/\/digi4wearables.eu\/?s={search_term_string}"},"query-input":{"@type":"PropertyValueSpecification","valueRequired":true,"valueName":"search_term_string"}}],"inLanguage":"sq"}]}},"_links":{"self":[{"href":"https:\/\/digi4wearables.eu\/sq\/wp-json\/wp\/v2\/pages\/507","targetHints":{"allow":["GET"]}}],"collection":[{"href":"https:\/\/digi4wearables.eu\/sq\/wp-json\/wp\/v2\/pages"}],"about":[{"href":"https:\/\/digi4wearables.eu\/sq\/wp-json\/wp\/v2\/types\/page"}],"author":[{"embeddable":true,"href":"https:\/\/digi4wearables.eu\/sq\/wp-json\/wp\/v2\/users\/1"}],"replies":[{"embeddable":true,"href":"https:\/\/digi4wearables.eu\/sq\/wp-json\/wp\/v2\/comments?post=507"}],"version-history":[{"count":32,"href":"https:\/\/digi4wearables.eu\/sq\/wp-json\/wp\/v2\/pages\/507\/revisions"}],"predecessor-version":[{"id":2170,"href":"https:\/\/digi4wearables.eu\/sq\/wp-json\/wp\/v2\/pages\/507\/revisions\/2170"}],"wp:attachment":[{"href":"https:\/\/digi4wearables.eu\/sq\/wp-json\/wp\/v2\/media?parent=507"}],"curies":[{"name":"wp","href":"https:\/\/api.w.org\/{rel}","templated":true}]}}