{"id":952,"date":"2021-06-02T09:25:22","date_gmt":"2021-06-02T09:25:22","guid":{"rendered":"http:\/\/fastwpdemo.com\/newwp\/whitehall\/?page_id=952"},"modified":"2025-07-16T14:16:40","modified_gmt":"2025-07-16T12:16:40","slug":"contact","status":"publish","type":"page","link":"https:\/\/digi4wearables.eu\/sq\/contact\/","title":{"rendered":"Kontakt"},"content":{"rendered":"<div data-elementor-type=\"wp-page\" data-elementor-id=\"952\" class=\"elementor elementor-952\" data-elementor-post-type=\"page\">\n\t\t\t\t\t\t<section class=\"elementor-section elementor-top-section elementor-element elementor-element-9561136 elementor-section-full_width elementor-section-height-default elementor-section-height-default\" data-id=\"9561136\" data-element_type=\"section\" data-e-type=\"section\">\n\t\t\t\t\t\t<div class=\"elementor-container elementor-column-gap-default\">\n\t\t\t\t\t<div class=\"elementor-column elementor-col-100 elementor-top-column elementor-element elementor-element-f64b4d6\" data-id=\"f64b4d6\" data-element_type=\"column\" data-e-type=\"column\">\n\t\t\t<div class=\"elementor-widget-wrap elementor-element-populated\">\n\t\t\t\t\t\t<div class=\"elementor-element elementor-element-16bd260 elementor-widget elementor-widget-whitehall_contact_info\" data-id=\"16bd260\" data-element_type=\"widget\" data-e-type=\"widget\" data-widget_type=\"whitehall_contact_info.default\">\n\t\t\t\t<div class=\"elementor-widget-container\">\n\t\t\t\t\t        \n        <!-- contact-information -->\n        <section class=\"contact-information\">\n            <div class=\"auto-container\">\n                <div class=\"row clearfix\">\n                    <div class=\"col-lg-5 col-md-6 col-sm-12 content-column\">\n                        <div class=\"content_block_12\">\n                            <div class=\"content-box\">\n                                <div class=\"sec-title\">\n                                    <h6><i class=\"flaticon-star\"><\/i><span>Make Connecting<\/span><\/h6>\n                                    <h2>Gjeni informacionin tuaj t\u00eb kontaktit<\/h2>\n                                    <div class=\"title-shape\"><\/div>\n                                <\/div>\n                                <div class=\"text\">\n                                    <p>Ne kuptojm\u00eb se \u00ebsht\u00eb e r\u00ebnd\u00ebsishme p\u00ebr ju t\u00eb aksesoni sh\u00ebrbimet tona n\u00eb nj\u00eb koh\u00eb t\u00eb p\u00ebrshtatshme.<\/p>\n                                                                        <div class=\"contact_box_n two\">\n                                        <p>\n                                            <span><i class=\"fa fa fa-user\"><\/i>Kryetari i Projektit: <\/span>\n                                            CENTRO TECNOL\u00d3GICO DO CAL\u00c7ADO DE PORTUGAL (CTCP)                                        <\/p>\n                                    <\/div>\n                                                                        <div class=\"contact_box_n two\">\n                                        <p>\n                                            <span><i class=\"fa fa fa-envelope\"><\/i>Email : <\/span>\n                                            geral@ctcp.pt                                         <\/p>\n                                    <\/div>\n                                                                        <div class=\"contact_box_n two\">\n                                        <p>\n                                            <span><i class=\"fa fa fa-phone\"><\/i>Telefon: <\/span>\n                                            +351 256 830 950                                        <\/p>\n                                    <\/div>\n                                                                        <div class=\"contact_box_n two\">\n                                        <p>\n                                            <span><i class=\"fa fa fa-user\"><\/i>Kryetari i Komunikimit:  <\/span>\n                                            Communication Leader DIMIOURGIKI SKEPSI ANAPTYXIS (CRE.THI.DEV)                                        <\/p>\n                                    <\/div>\n                                                                        <div class=\"contact_box_n two\">\n                                        <p>\n                                            <span><i class=\"fa fa fa-envelope\"><\/i>Email : <\/span>\n                                            https:\/\/www.crethidev.gr\/                                        <\/p>\n                                    <\/div>\n                                                                        <div class=\"contact_box_n two\">\n                                        <p>\n                                            <span><i class=\"fa fa fa-laptop\"><\/i>Partneri IT: <\/span>\n                                            ATOM Computers (ATOM)                                        <\/p>\n                                    <\/div>\n                                                                        <div class=\"contact_box_n two\">\n                                        <p>\n                                            <span><i class=\"fa fa fa-envelope\"><\/i>Email : <\/span>\n                                            www.atom.al                                        <\/p>\n                                    <\/div>\n                                                                    <\/div>\n\t\t\t\t\t\t\t\t\n\t\t\t\t\t\t\t\t\t\t\t\t\t\t\t\t<div class=\"social-box\">\n                                    <ul class=\"social-style-one clearfix\">\n\t\t\t\t\t\t\t\t\t\t\t\t\t\t\t\t\t\t\t\t<li><a href=\"https:\/\/www.facebook.com\/profile.php?id=61564350254079\" title=\"Facebook\" target=\"_blank\"><i class=\"fab fa fa-facebook-f\"><\/i><\/a><\/li>\n\t\t\t\t\t\t\t\t\t\t\t\t\t\t\t\t\t\t\t\t<li><a href=\"https:\/\/www.linkedin.com\/in\/digi4wearables-digi4wearables-95567832a\/\" title=\"LinkedIN\" target=\"_blank\"><i class=\"fab fa fa-linkedin-in\"><\/i><\/a><\/li>\n\t\t\t\t\t\t\t\t\t\t                                    <\/ul>\n                                <\/div>\n\t\t\t\t\t\t\t\t                            <\/div>\n                        <\/div>\n                    <\/div>\n                    \n                    <div class=\"col-lg-7 col-md-12 col-sm-12 contact-column\">\n                        <div class=\"contact_form_box\">\n                            \n                                                        <div id=\"contact-form\" class=\"default-form\">\n                                \n<div class=\"wpcf7 no-js\" id=\"wpcf7-f1304-o1\" lang=\"en-US\" dir=\"ltr\" data-wpcf7-id=\"1304\">\n<div class=\"screen-reader-response\"><p role=\"status\" aria-live=\"polite\" aria-atomic=\"true\"><\/p> <ul><\/ul><\/div>\n<form action=\"\/sq\/wp-json\/wp\/v2\/pages\/952#wpcf7-f1304-o1\" method=\"post\" class=\"wpcf7-form init\" aria-label=\"Contact form\" novalidate=\"novalidate\" data-status=\"init\" data-trp-original-action=\"\/sq\/wp-json\/wp\/v2\/pages\/952#wpcf7-f1304-o1\">\n<fieldset class=\"hidden-fields-container\"><input type=\"hidden\" name=\"_wpcf7\" value=\"1304\" \/><input type=\"hidden\" name=\"_wpcf7_version\" value=\"6.1.4\" \/><input type=\"hidden\" name=\"_wpcf7_locale\" value=\"en_US\" \/><input type=\"hidden\" name=\"_wpcf7_unit_tag\" value=\"wpcf7-f1304-o1\" \/><input type=\"hidden\" name=\"_wpcf7_container_post\" value=\"0\" \/><input type=\"hidden\" name=\"_wpcf7_posted_data_hash\" value=\"\" \/><input type=\"hidden\" name=\"_wpcf7_recaptcha_response\" value=\"\" \/>\n<\/fieldset>\n<div class=\"row clearfix\">\n\t<div class=\"col-lg-6 col-md-12 col-sm-12\">\n\t\t<div class=\"form-group\">\n\t\t\t<p><span class=\"wpcf7-form-control-wrap\" data-name=\"text-389\"><input size=\"40\" maxlength=\"400\" class=\"wpcf7-form-control wpcf7-text wpcf7-validates-as-required\" aria-required=\"true\" aria-invalid=\"false\" placeholder=\"Emri juaj\" value=\"\" type=\"text\" name=\"text-389\" \/><\/span>\n\t\t\t<\/p>\n\t\t<\/div>\n\t<\/div>\n\t<div class=\"col-lg-6 col-md-12 col-sm-12\">\n\t\t<div class=\"form-group\">\n\t\t\t<p><span class=\"wpcf7-form-control-wrap\" data-name=\"email-431\"><input size=\"40\" maxlength=\"400\" class=\"wpcf7-form-control wpcf7-email wpcf7-validates-as-required wpcf7-text wpcf7-validates-as-email\" aria-required=\"true\" aria-invalid=\"false\" placeholder=\"Adresa e Email-it\" value=\"\" type=\"email\" name=\"email-431\" \/><\/span>\n\t\t\t<\/p>\n\t\t<\/div>\n\t<\/div>\n\t<div class=\"col-lg-12 col-md-12 col-sm-12\">\n\t\t<div class=\"form-group\">\n\t\t\t<p><span class=\"wpcf7-form-control-wrap\" data-name=\"text-390\"><input size=\"40\" maxlength=\"400\" class=\"wpcf7-form-control wpcf7-text\" aria-invalid=\"false\" placeholder=\"Subjekti\" value=\"\" type=\"text\" name=\"text-390\" \/><\/span>\n\t\t\t<\/p>\n\t\t<\/div>\n\t<\/div>\n\t<div class=\"col-lg-12 col-md-12 col-sm-12\">\n\t\t<div class=\"form-group\">\n\t\t\t<p><span class=\"wpcf7-form-control-wrap\" data-name=\"textarea-924\"><textarea cols=\"40\" rows=\"10\" maxlength=\"2000\" class=\"wpcf7-form-control wpcf7-textarea\" aria-invalid=\"false\" placeholder=\"Shkruani Mesazhin Tuaj...\" name=\"textarea-924\"><\/textarea><\/span>\n\t\t\t<\/p>\n\t\t<\/div>\n\t\n\t\t<div class=\"message-btn\">\n\t\t\t<p><button class=\"theme-btn\" type=\"submit\" name=\"submit-form\"><br \/>\nD\u00ebrgo Mesazhin<br \/>\n<\/button>\n\t\t\t<\/p>\n\t\t<\/div>\n\t<\/div>\n<\/div><div class=\"wpcf7-response-output\" aria-hidden=\"true\"><\/div>\n<input type=\"hidden\" name=\"trp-form-language\" value=\"sq\"\/><\/form>\n<\/div>\n                            <\/div>\n                                                    <\/div>\n                    <\/div>\n                    \n                <\/div>\n            <\/div>\n        <\/section>\n        <!-- contact-information end -->\n\n        \t\t\t\t<\/div>\n\t\t\t\t<\/div>\n\t\t\t\t\t<\/div>\n\t\t<\/div>\n\t\t\t\t\t<\/div>\n\t\t<\/section>\n\t\t\t\t<section class=\"elementor-section elementor-top-section elementor-element elementor-element-942ce12 elementor-section-full_width elementor-hidden-desktop elementor-hidden-tablet elementor-hidden-mobile elementor-section-height-default elementor-section-height-default\" data-id=\"942ce12\" data-element_type=\"section\" data-e-type=\"section\">\n\t\t\t\t\t\t<div class=\"elementor-container elementor-column-gap-default\">\n\t\t\t\t\t<div class=\"elementor-column elementor-col-100 elementor-top-column elementor-element elementor-element-82f4efa\" data-id=\"82f4efa\" data-element_type=\"column\" data-e-type=\"column\">\n\t\t\t<div class=\"elementor-widget-wrap elementor-element-populated\">\n\t\t\t\t\t\t<div class=\"elementor-element elementor-element-5f93b0b elementor-widget elementor-widget-whitehall_our_offices\" data-id=\"5f93b0b\" data-element_type=\"widget\" data-e-type=\"widget\" data-widget_type=\"whitehall_our_offices.default\">\n\t\t\t\t<div class=\"elementor-widget-container\">\n\t\t\t\t\t        \n        <!-- contact-information-two -->\n        <section class=\"contact-information-two\" style=\"background-image: url(https:\/\/digi4wearables.eu\/wp-content\/uploads\/2021\/05\/download-bg.jpg);\">\n            <div class=\"layer-bg\" style=\"background-image: url(https:\/\/digi4wearables.eu\/wp-content\/uploads\/2021\/05\/layer-bg-2.jpg);\"><\/div>\n            <div class=\"auto-container\">\n                <div class=\"row clearfix\">\n                    <div class=\"col-lg-6 col-md-12 col-sm-12 content-column\">\n                        <div class=\"content_block_3\">\n                            <div class=\"content-box\">\n                                <h4><i class=\"icon flaticon-emergency-call-1\"><\/i>15 Emergency <br \/>Phone Numbers to Have Handy<\/h4>\n                                <h2>Emergency Phone Numbers You Should Know<\/h2>\n\t\t\t\t\t\t\t\t\n\t\t\t\t\t\t\t\t                                <div class=\"btn-box\"><a href=\"#\" class=\"theme-btn style-two\">Take Print<\/a><\/div>\n\t\t\t\t\t\t\t\t                            <\/div>\n                        <\/div>\n                    <\/div>\n                    <div class=\"col-lg-6 col-md-12 col-sm-12 inner-column\">\n                        <div class=\"inner-content\">\n                            <div class=\"two-column-carousel owl-carousel owl-theme owl-nav-none\">\n                                                                <div class=\"single-item\">\n                                    <h4>Police Department<\/h4>\n                                    <ul class=\"info clearfix\">\n                                        <li>\n                                            <p><a href=\"tel:4488848018\">+44 (888) 48018<\/a><br \/><a href=\"mailto:info@example.com\">info@example.com<\/a><\/p>\n                                        <\/li>\n                                        <li>\n                                            <p>191 Integer Rd, 2nd Street SA 08219 USA.<\/p>\n                                        <\/li>\n                                    <\/ul>\n\t\t\t\t\t\t\t\t\t\n\t\t\t\t\t\t\t\t\t                                    <div class=\"link\"><a href=\"#\">Get Direction<i class=\"flaticon-right-arrow\"><\/i><\/a><\/div>\n\t\t\t\t\t\t\t\t\t                                <\/div>\n\t\t\t\t\t\t\t\t                                <div class=\"single-item\">\n                                    <h4>Fire Department<\/h4>\n                                    <ul class=\"info clearfix\">\n                                        <li>\n                                            <p><a href=\"tel:4488801234\">+44 (888) 01234<\/a><br \/><a href=\"mailto:info@example.com\">info@example.com<\/a><\/p>\n                                        <\/li>\n                                        <li>\n                                            <p>256 Brunswick Rd, 3rd Street SA 08219 USA.<\/p>\n                                        <\/li>\n                                    <\/ul>\n\t\t\t\t\t\t\t\t\t\n\t\t\t\t\t\t\t\t\t                                    <div class=\"link\"><a href=\"#\">Get Direction<i class=\"flaticon-right-arrow\"><\/i><\/a><\/div>\n\t\t\t\t\t\t\t\t\t                                <\/div>\n\t\t\t\t\t\t\t\t                                <div class=\"single-item\">\n                                    <h4>Police Department<\/h4>\n                                    <ul class=\"info clearfix\">\n                                        <li>\n                                            <p><a href=\"tel:4488848018\">+44 (888) 48018<\/a><br \/><a href=\"mailto:info@example.com\">info@example.com<\/a><\/p>\n                                        <\/li>\n                                        <li>\n                                            <p>191 Integer Rd, 2nd Street SA 08219 USA.<\/p>\n                                        <\/li>\n                                    <\/ul>\n\t\t\t\t\t\t\t\t\t\n\t\t\t\t\t\t\t\t\t                                    <div class=\"link\"><a href=\"#\">Get Direction<i class=\"flaticon-right-arrow\"><\/i><\/a><\/div>\n\t\t\t\t\t\t\t\t\t                                <\/div>\n\t\t\t\t\t\t\t\t                                <div class=\"single-item\">\n                                    <h4>Fire Department<\/h4>\n                                    <ul class=\"info clearfix\">\n                                        <li>\n                                            <p><a href=\"tel:4488801234\">+44 (888) 01234<\/a><br \/><a href=\"mailto:info@example.com\">info@example.com<\/a><\/p>\n                                        <\/li>\n                                        <li>\n                                            <p>256 Brunswick Rd, 3rd Street SA 08219 USA.<\/p>\n                                        <\/li>\n                                    <\/ul>\n\t\t\t\t\t\t\t\t\t\n\t\t\t\t\t\t\t\t\t                                    <div class=\"link\"><a href=\"#\">Get Direction<i class=\"flaticon-right-arrow\"><\/i><\/a><\/div>\n\t\t\t\t\t\t\t\t\t                                <\/div>\n\t\t\t\t\t\t\t\t                                <div class=\"single-item\">\n                                    <h4>Police Department<\/h4>\n                                    <ul class=\"info clearfix\">\n                                        <li>\n                                            <p><a href=\"tel:4488848018\">+44 (888) 48018<\/a><br \/><a href=\"mailto:info@example.com\">info@example.com<\/a><\/p>\n                                        <\/li>\n                                        <li>\n                                            <p>191 Integer Rd, 2nd Street SA 08219 USA.<\/p>\n                                        <\/li>\n                                    <\/ul>\n\t\t\t\t\t\t\t\t\t\n\t\t\t\t\t\t\t\t\t                                    <div class=\"link\"><a href=\"#\">Get Direction<i class=\"flaticon-right-arrow\"><\/i><\/a><\/div>\n\t\t\t\t\t\t\t\t\t                                <\/div>\n\t\t\t\t\t\t\t\t                                <div class=\"single-item\">\n                                    <h4>Fire Department<\/h4>\n                                    <ul class=\"info clearfix\">\n                                        <li>\n                                            <p><a href=\"tel:4488801234\">+44 (888) 01234<\/a><br \/><a href=\"mailto:info@example.com\">info@example.com<\/a><\/p>\n                                        <\/li>\n                                        <li>\n                                            <p>256 Brunswick Rd, 3rd Street SA 08219 USA.<\/p>\n                                        <\/li>\n                                    <\/ul>\n\t\t\t\t\t\t\t\t\t\n\t\t\t\t\t\t\t\t\t                                    <div class=\"link\"><a href=\"#\">Get Direction<i class=\"flaticon-right-arrow\"><\/i><\/a><\/div>\n\t\t\t\t\t\t\t\t\t                                <\/div>\n\t\t\t\t\t\t\t\t                            <\/div>\n                        <\/div>\n                    <\/div>\n                <\/div>\n            <\/div>\n        <\/section>\n        <!-- contact-information-two end -->\n\n        \t\t\t\t<\/div>\n\t\t\t\t<\/div>\n\t\t\t\t\t<\/div>\n\t\t<\/div>\n\t\t\t\t\t<\/div>\n\t\t<\/section>\n\t\t\t\t<section class=\"elementor-section elementor-top-section elementor-element elementor-element-f351ceb elementor-section-full_width elementor-hidden-desktop elementor-hidden-tablet elementor-hidden-mobile elementor-section-height-default elementor-section-height-default\" data-id=\"f351ceb\" data-element_type=\"section\" data-e-type=\"section\">\n\t\t\t\t\t\t<div class=\"elementor-container elementor-column-gap-default\">\n\t\t\t\t\t<div class=\"elementor-column elementor-col-100 elementor-top-column elementor-element elementor-element-63648b8\" data-id=\"63648b8\" data-element_type=\"column\" data-e-type=\"column\">\n\t\t\t<div class=\"elementor-widget-wrap elementor-element-populated\">\n\t\t\t\t\t\t<div class=\"elementor-element elementor-element-ccc66eb elementor-widget elementor-widget-google_maps\" data-id=\"ccc66eb\" data-element_type=\"widget\" data-e-type=\"widget\" data-widget_type=\"google_maps.default\">\n\t\t\t\t<div class=\"elementor-widget-container\">\n\t\t\t\t\t\t\t<div class=\"elementor-custom-embed\">\n\t\t\t<iframe loading=\"lazy\"\n\t\t\t\t\tsrc=\"https:\/\/maps.google.com\/maps?q=CENTRO%20TECNOLOGICO%20DE%20CALCADO%20DE%20PORTUGAL%20&#038;t=m&#038;z=10&#038;output=embed&#038;iwloc=near\"\n\t\t\t\t\ttitle=\"CENTRO TECNOLOGICO DE CALCADO DE PORTUGAL \"\n\t\t\t\t\taria-label=\"CENTRO TECNOLOGICO DE CALCADO DE PORTUGAL \"\n\t\t\t><\/iframe>\n\t\t<\/div>\n\t\t\t\t\t\t<\/div>\n\t\t\t\t<\/div>\n\t\t\t\t\t<\/div>\n\t\t<\/div>\n\t\t\t\t\t<\/div>\n\t\t<\/section>\n\t\t\t\t<\/div>","protected":false},"excerpt":{"rendered":"<p>Make Connecting Find Your Contact Information We understand that it is important for you access our services in a way time. Project Leader: CENTRO TECNOL\u00d3GICO DO CAL\u00c7ADO DE PORTUGAL (CTCP) [&hellip;]<\/p>","protected":false},"author":1,"featured_media":0,"parent":0,"menu_order":0,"comment_status":"closed","ping_status":"closed","template":"tpl-default-elementor.php","meta":{"footnotes":""},"class_list":["post-952","page","type-page","status-publish","hentry"],"yoast_head":"<!-- This site is optimized with the Yoast SEO Premium plugin v25.1 (Yoast SEO v26.5) - https:\/\/yoast.com\/wordpress\/plugins\/seo\/ -->\n<title>Contact<\/title>\n<meta name=\"robots\" content=\"index, follow, max-snippet:-1, max-image-preview:large, max-video-preview:-1\" \/>\n<link rel=\"canonical\" href=\"https:\/\/digi4wearables.eu\/sq\/contact\/\" \/>\n<meta property=\"og:locale\" content=\"sq_AL\" \/>\n<meta property=\"og:type\" content=\"article\" \/>\n<meta property=\"og:title\" content=\"Contact\" \/>\n<meta property=\"og:description\" content=\"Make Connecting Find Your Contact Information We understand that it is important for you access our services in a way time. Project Leader: CENTRO TECNOL\u00d3GICO DO CAL\u00c7ADO DE PORTUGAL (CTCP) [&hellip;]\" \/>\n<meta property=\"og:url\" content=\"https:\/\/digi4wearables.eu\/sq\/contact\/\" \/>\n<meta property=\"og:site_name\" content=\"Digi4Wearables\" \/>\n<meta property=\"article:publisher\" content=\"https:\/\/www.facebook.com\/people\/Digi4-Wearables\/61566415940821\/\" \/>\n<meta property=\"article:modified_time\" content=\"2025-07-16T12:16:40+00:00\" \/>\n<meta name=\"twitter:card\" content=\"summary_large_image\" \/>\n<meta name=\"twitter:label1\" content=\"Est. reading time\" \/>\n\t<meta name=\"twitter:data1\" content=\"1 minut\u00eb\" \/>\n<script type=\"application\/ld+json\" class=\"yoast-schema-graph\">{\"@context\":\"https:\/\/schema.org\",\"@graph\":[{\"@type\":\"WebPage\",\"@id\":\"https:\/\/digi4wearables.eu\/contact\/\",\"url\":\"https:\/\/digi4wearables.eu\/contact\/\",\"name\":\"Contact\",\"isPartOf\":{\"@id\":\"https:\/\/digi4wearables.eu\/#website\"},\"datePublished\":\"2021-06-02T09:25:22+00:00\",\"dateModified\":\"2025-07-16T12:16:40+00:00\",\"breadcrumb\":{\"@id\":\"https:\/\/digi4wearables.eu\/contact\/#breadcrumb\"},\"inLanguage\":\"sq\",\"potentialAction\":[{\"@type\":\"ReadAction\",\"target\":[\"https:\/\/digi4wearables.eu\/contact\/\"]}]},{\"@type\":\"BreadcrumbList\",\"@id\":\"https:\/\/digi4wearables.eu\/contact\/#breadcrumb\",\"itemListElement\":[{\"@type\":\"ListItem\",\"position\":1,\"name\":\"Home\",\"item\":\"https:\/\/digi4wearables.eu\/\"},{\"@type\":\"ListItem\",\"position\":2,\"name\":\"Contact\"}]},{\"@type\":\"WebSite\",\"@id\":\"https:\/\/digi4wearables.eu\/#website\",\"url\":\"https:\/\/digi4wearables.eu\/\",\"name\":\"Digi4Wearables\",\"description\":\"\",\"potentialAction\":[{\"@type\":\"SearchAction\",\"target\":{\"@type\":\"EntryPoint\",\"urlTemplate\":\"https:\/\/digi4wearables.eu\/?s={search_term_string}\"},\"query-input\":{\"@type\":\"PropertyValueSpecification\",\"valueRequired\":true,\"valueName\":\"search_term_string\"}}],\"inLanguage\":\"sq\"}]}<\/script>\n<!-- \/ Yoast SEO Premium plugin. -->","yoast_head_json":{"title":"Kontakt","robots":{"index":"index","follow":"follow","max-snippet":"max-snippet:-1","max-image-preview":"max-image-preview:large","max-video-preview":"max-video-preview:-1"},"canonical":"https:\/\/digi4wearables.eu\/sq\/contact\/","og_locale":"sq_AL","og_type":"article","og_title":"Contact","og_description":"Make Connecting Find Your Contact Information We understand that it is important for you access our services in a way time. Project Leader: CENTRO TECNOL\u00d3GICO DO CAL\u00c7ADO DE PORTUGAL (CTCP) [&hellip;]","og_url":"https:\/\/digi4wearables.eu\/sq\/contact\/","og_site_name":"Digi4Wearables","article_publisher":"https:\/\/www.facebook.com\/people\/Digi4-Wearables\/61566415940821\/","article_modified_time":"2025-07-16T12:16:40+00:00","twitter_card":"summary_large_image","twitter_misc":{"Est. reading time":"1 minut\u00eb"},"schema":{"@context":"https:\/\/schema.org","@graph":[{"@type":"WebPage","@id":"https:\/\/digi4wearables.eu\/contact\/","url":"https:\/\/digi4wearables.eu\/contact\/","name":"Kontakt","isPartOf":{"@id":"https:\/\/digi4wearables.eu\/#website"},"datePublished":"2021-06-02T09:25:22+00:00","dateModified":"2025-07-16T12:16:40+00:00","breadcrumb":{"@id":"https:\/\/digi4wearables.eu\/contact\/#breadcrumb"},"inLanguage":"sq","potentialAction":[{"@type":"ReadAction","target":["https:\/\/digi4wearables.eu\/contact\/"]}]},{"@type":"BreadcrumbList","@id":"https:\/\/digi4wearables.eu\/contact\/#breadcrumb","itemListElement":[{"@type":"ListItem","position":1,"name":"Home","item":"https:\/\/digi4wearables.eu\/"},{"@type":"ListItem","position":2,"name":"Contact"}]},{"@type":"WebSite","@id":"https:\/\/digi4wearables.eu\/#website","url":"https:\/\/digi4wearables.eu\/","name":"Digi4Wearables","description":"","potentialAction":[{"@type":"SearchAction","target":{"@type":"EntryPoint","urlTemplate":"https:\/\/digi4wearables.eu\/?s={search_term_string}"},"query-input":{"@type":"PropertyValueSpecification","valueRequired":true,"valueName":"search_term_string"}}],"inLanguage":"sq"}]}},"_links":{"self":[{"href":"https:\/\/digi4wearables.eu\/sq\/wp-json\/wp\/v2\/pages\/952","targetHints":{"allow":["GET"]}}],"collection":[{"href":"https:\/\/digi4wearables.eu\/sq\/wp-json\/wp\/v2\/pages"}],"about":[{"href":"https:\/\/digi4wearables.eu\/sq\/wp-json\/wp\/v2\/types\/page"}],"author":[{"embeddable":true,"href":"https:\/\/digi4wearables.eu\/sq\/wp-json\/wp\/v2\/users\/1"}],"replies":[{"embeddable":true,"href":"https:\/\/digi4wearables.eu\/sq\/wp-json\/wp\/v2\/comments?post=952"}],"version-history":[{"count":39,"href":"https:\/\/digi4wearables.eu\/sq\/wp-json\/wp\/v2\/pages\/952\/revisions"}],"predecessor-version":[{"id":3564,"href":"https:\/\/digi4wearables.eu\/sq\/wp-json\/wp\/v2\/pages\/952\/revisions\/3564"}],"wp:attachment":[{"href":"https:\/\/digi4wearables.eu\/sq\/wp-json\/wp\/v2\/media?parent=952"}],"curies":[{"name":"wp","href":"https:\/\/api.w.org\/{rel}","templated":true}]}}